{"id":33,"date":"2023-10-03T16:43:23","date_gmt":"2023-10-03T14:43:23","guid":{"rendered":"https:\/\/lemanoirdeco.com\/?page_id=33"},"modified":"2024-11-20T15:03:05","modified_gmt":"2024-11-20T14:03:05","slug":"notre-histoire","status":"publish","type":"page","link":"https:\/\/lemanoirdeco.com\/index.php\/notre-histoire\/","title":{"rendered":"Notre histoire"},"content":{"rendered":"\t\t<div data-elementor-type=\"wp-page\" data-elementor-id=\"33\" class=\"elementor elementor-33\">\n\t\t\t\t<div class=\"elementor-element elementor-element-3f6fd13e e-flex e-con-boxed e-con e-parent\" data-id=\"3f6fd13e\" data-element_type=\"container\">\n\t\t\t\t\t<div class=\"e-con-inner\">\n\t\t\t\t<div class=\"elementor-element elementor-element-249aadd8 elementor-widget__width-inherit elementor-widget elementor-widget-text-editor\" data-id=\"249aadd8\" data-element_type=\"widget\" data-widget_type=\"text-editor.default\">\n\t\t\t\t<div class=\"elementor-widget-container\">\n\t\t\t\t\t\t\t<h2 class=\"wp-block-heading\">Le Manoir D\u00e9co, c&#8217;est quoi ?<\/h2>\n<p><!-- \/wp:heading --><\/p>\n<p><!-- wp:paragraph --><\/p>\n<p>Le Manoir D\u00e9co, c\u2019est un concept store d\u2019objets de d\u00e9coration fabriqu\u00e9s artisanalement en France, pr\u00e8s de Lyon.<\/p>\n<p><!-- \/wp:paragraph --><\/p>\n<p><!-- wp:paragraph --><\/p>\n<p>Nous proposons des housses de coussins brod\u00e9es \u00e0 la main, mais aussi des trousses brod\u00e9es et des pani\u00e8res. Nous lan\u00e7ons \u00e9galement nos rideaux brod\u00e9s ainsi que nos couvres-lits, avec vos dimensions personnalis\u00e9es !\u00a0<\/p>\n<p><!-- \/wp:paragraph --><\/p>\n<p><!-- wp:paragraph --><\/p>\n<p>Nos valeurs : l&#8217;artisanat Made in France, l&#8217;authenticit\u00e9, la famille, le beau et l&#8217;intemporel.<\/p>\n<p><span style=\"font-size: 14px;\">Toutes nos cr\u00e9ations portent un joli pr\u00e9nom inspir\u00e9 d&#8217;un membre de la famille ou d&#8217;un de nos amis ! C&#8217;est notre clin d&#8217;oeil au soutien qu&#8217;ils nous apportent dans cette belle histoire entrepreneuriale.<\/span><\/p>\n<p><!-- \/wp:paragraph --><\/p>\n<p><!-- wp:heading --><\/p>\n<h2 class=\"wp-block-heading\">Pourquoi Le Manoir D\u00e9co ?<\/h2>\n<p><!-- \/wp:heading --><\/p>\n<p><!-- wp:paragraph --><\/p>\n<p>Derri\u00e8re le Manoir D\u00e9co, il y a une famille passionn\u00e9e par la d\u00e9coration, souhaitant remettre l\u2019artisanat fran\u00e7ais au go\u00fbt du jour. L\u2019id\u00e9e nous est venue pendant le confinement, alors qu\u2019il fallait nous occuper. Nous avons commenc\u00e9 \u00e0 broder sur des tissus trouv\u00e9s dans les armoires. Le r\u00e9sultat obtenu nous a inspir\u00e9 et nous en avons fait des coussins !\u00a0<\/p>\n<p>Ainsi, Le Manoir D\u00e9co est n\u00e9.\u00a0<\/p>\n<p><!-- \/wp:paragraph --><\/p>\n<p><!-- wp:paragraph --><\/p>\n<p>Le Manoir, c\u2019est notre maison de famille, dans l&#8217;Allier, d&#8217;o\u00f9 toute notre inspiration est n\u00e9e. Notre logo repr\u00e9sente cette belle demeure o\u00f9 se situe notre atelier et nos stocks de tissus. Une belle partie de notre contenu est aussi shoot\u00e9e l\u00e0-bas.<\/p>\n<p><!-- \/wp:paragraph --><\/p>\n<p><!-- wp:heading --><\/p>\n<h2 class=\"wp-block-heading\">Qui est derri\u00e8re Le Manoir D\u00e9co ?<\/h2>\n<p><!-- \/wp:heading --><\/p>\n<p><!-- wp:paragraph --><\/p>\n<p>Le Manoir D\u00e9co, vous l\u2019aurez s\u00fbrement compris, c\u2019est une histoire de famille. L\u2019id\u00e9e nous vient d\u2019abord de Catherine, la maman de notre cr\u00e9atrice Jos\u00e9phine. Issue d\u2019une formation de styliste et ayant eu plusieurs boutiques de d\u00e9co, Catherine aime les tissus, la broderie et est une passionn\u00e9e de d\u00e9coration\u2026 int\u00e9r\u00eats qu\u2019elle a \u00e9videmment transmis \u00e0 ses filles, Jos\u00e9phine et Eug\u00e9nie.<\/p>\n<p><!-- \/wp:paragraph --><\/p>\n<p><!-- wp:paragraph --><\/p>\n<p>Notre cr\u00e9atrice, Jos\u00e9phine, est issue d\u2019une \u00e9cole de commerce sp\u00e9cialit\u00e9 communication et marketing de produits de luxe. Apr\u00e8s quelques ann\u00e9es en tant que salari\u00e9e, elle souhaite cr\u00e9er une entreprise. En voyant sa m\u00e8re et sa grand-m\u00e8re broder pendant le confinement, il a \u00e9t\u00e9 \u00e9vident pour elles d&#8217;allier leurs id\u00e9es et savoirs-faire afin de cr\u00e9er des objets, beaux et faits mains.\u00a0<\/p>\n<p><!-- \/wp:paragraph --><\/p>\n<p><!-- wp:heading --><\/p>\n<h2 class=\"wp-block-heading\">Quels sont nos engagements ?<\/h2>\n<p><!-- \/wp:heading --><\/p>\n<p><!-- wp:paragraph --><\/p>\n<p>Toute la production de nos coussins est faite en France, de la broderie que nous faisons nous-m\u00eame \u00e0 l\u2019assemblage qui est fait par notre couturi\u00e8re, dans la r\u00e9gion lyonnaise.<\/p>\n<p><!-- \/wp:paragraph --><\/p>\n<p><!-- wp:paragraph --><\/p>\n<p>Nous avons \u00e0 c\u0153ur de promouvoir l\u2019artisanat fran\u00e7ais. Nous choisissons avec attention nos mati\u00e8res premi\u00e8res. Les tissus proviennent de Tarare, les fils d&#8217;Alsace et les garnissages de la r\u00e9gion lyonnaise.\u00a0<\/p>\n<p><!-- \/wp:paragraph --><\/p>\n<p><!-- wp:paragraph --><\/p>\n<p>\u00a0<\/p>\n<p><!-- \/wp:paragraph --><\/p>\t\t\t\t\t\t<\/div>\n\t\t\t\t<\/div>\n\t\t\t\t\t<\/div>\n\t\t\t\t<\/div>\n\t\t<div class=\"elementor-element elementor-element-fc2eba5 e-flex e-con-boxed e-con e-parent\" data-id=\"fc2eba5\" data-element_type=\"container\">\n\t\t\t\t\t<div class=\"e-con-inner\">\n\t\t\t\t<div class=\"elementor-element elementor-element-ebe9b91 elementor-arrows-position-outside elementor-widget__width-initial elementor-pagination-position-outside elementor-widget elementor-widget-image-carousel\" data-id=\"ebe9b91\" data-element_type=\"widget\" data-settings=\"{&quot;navigation&quot;:&quot;both&quot;,&quot;autoplay&quot;:&quot;yes&quot;,&quot;pause_on_hover&quot;:&quot;yes&quot;,&quot;pause_on_interaction&quot;:&quot;yes&quot;,&quot;autoplay_speed&quot;:5000,&quot;infinite&quot;:&quot;yes&quot;,&quot;speed&quot;:500,&quot;image_spacing_custom&quot;:{&quot;unit&quot;:&quot;px&quot;,&quot;size&quot;:20,&quot;sizes&quot;:[]},&quot;image_spacing_custom_tablet&quot;:{&quot;unit&quot;:&quot;px&quot;,&quot;size&quot;:&quot;&quot;,&quot;sizes&quot;:[]},&quot;image_spacing_custom_mobile&quot;:{&quot;unit&quot;:&quot;px&quot;,&quot;size&quot;:&quot;&quot;,&quot;sizes&quot;:[]}}\" data-widget_type=\"image-carousel.default\">\n\t\t\t\t<div class=\"elementor-widget-container\">\n\t\t\t\t\t<div class=\"elementor-image-carousel-wrapper swiper\" dir=\"ltr\">\n\t\t\t<div class=\"elementor-image-carousel swiper-wrapper swiper-image-stretch\" aria-live=\"off\">\n\t\t\t\t\t\t\t\t<div class=\"swiper-slide\" role=\"group\" aria-roledescription=\"slide\" aria-label=\"1 of 8\"><figure class=\"swiper-slide-inner\"><img data-opt-id=150451136  fetchpriority=\"high\" decoding=\"async\" class=\"swiper-slide-image\" src=\"https:\/\/mlnz6ajpdpgw.i.optimole.com\/cb:nZaz.3ac7\/w:810\/h:1080\/q:90\/ig:avif\/https:\/\/lemanoirdeco.com\/wp-content\/uploads\/2023\/11\/IMG_8357.jpeg\" alt=\"Broderie\" \/><\/figure><\/div><div class=\"swiper-slide\" role=\"group\" aria-roledescription=\"slide\" aria-label=\"2 of 8\"><figure class=\"swiper-slide-inner\"><img data-opt-id=1622959343  fetchpriority=\"high\" decoding=\"async\" class=\"swiper-slide-image\" src=\"https:\/\/mlnz6ajpdpgw.i.optimole.com\/cb:nZaz.3ac7\/w:863\/h:1080\/q:90\/ig:avif\/https:\/\/lemanoirdeco.com\/wp-content\/uploads\/2024\/11\/78627B7C-76FE-4EE0-8A32-E690715A4A2A.jpg\" alt=\"Salon le march\u00e9 autrement Lyon - sept 24\" \/><\/figure><\/div><div class=\"swiper-slide\" role=\"group\" aria-roledescription=\"slide\" aria-label=\"3 of 8\"><figure class=\"swiper-slide-inner\"><img data-opt-id=934683555  decoding=\"async\" class=\"swiper-slide-image\" src=\"https:\/\/mlnz6ajpdpgw.i.optimole.com\/cb:nZaz.3ac7\/w:810\/h:1080\/q:90\/ig:avif\/https:\/\/lemanoirdeco.com\/wp-content\/uploads\/2023\/11\/IMG_8360-2.jpeg\" alt=\"Etiquettes\" \/><\/figure><\/div><div class=\"swiper-slide\" role=\"group\" aria-roledescription=\"slide\" aria-label=\"4 of 8\"><figure class=\"swiper-slide-inner\"><img data-opt-id=1582854214  decoding=\"async\" class=\"swiper-slide-image\" src=\"https:\/\/mlnz6ajpdpgw.i.optimole.com\/cb:nZaz.3ac7\/w:auto\/h:auto\/q:90\/ig:avif\/https:\/\/lemanoirdeco.com\/wp-content\/uploads\/2024\/05\/notre-histoire-2.jpg\" alt=\"Catherine\" \/><\/figure><\/div><div class=\"swiper-slide\" role=\"group\" aria-roledescription=\"slide\" aria-label=\"5 of 8\"><figure class=\"swiper-slide-inner\"><img data-opt-id=1179765266  decoding=\"async\" class=\"swiper-slide-image\" src=\"https:\/\/mlnz6ajpdpgw.i.optimole.com\/cb:nZaz.3ac7\/w:auto\/h:auto\/q:90\/ig:avif\/https:\/\/lemanoirdeco.com\/wp-content\/uploads\/2024\/02\/CD06D9ED-CD53-442C-AC74-5995EA1504DE_1_105_c.jpeg\" alt=\"Tissu avec fermeture eclaire\" \/><\/figure><\/div><div class=\"swiper-slide\" role=\"group\" aria-roledescription=\"slide\" aria-label=\"6 of 8\"><figure class=\"swiper-slide-inner\"><img data-opt-id=993868846  decoding=\"async\" class=\"swiper-slide-image\" src=\"https:\/\/mlnz6ajpdpgw.i.optimole.com\/cb:nZaz.3ac7\/w:auto\/h:auto\/q:90\/ig:avif\/https:\/\/lemanoirdeco.com\/wp-content\/uploads\/2024\/03\/D8AFB76E-489A-4F16-B98D-1C95B045D6EC_1_105_c.jpeg\" alt=\"Broderie\" \/><\/figure><\/div><div class=\"swiper-slide\" role=\"group\" aria-roledescription=\"slide\" aria-label=\"7 of 8\"><figure class=\"swiper-slide-inner\"><img data-opt-id=678214626  decoding=\"async\" class=\"swiper-slide-image\" src=\"https:\/\/mlnz6ajpdpgw.i.optimole.com\/cb:nZaz.3ac7\/w:auto\/h:auto\/q:90\/ig:avif\/https:\/\/lemanoirdeco.com\/wp-content\/uploads\/2024\/05\/notre-histoire-1.jpg\" alt=\"Jos\u00e9phine\" \/><\/figure><\/div><div class=\"swiper-slide\" role=\"group\" aria-roledescription=\"slide\" aria-label=\"8 of 8\"><figure class=\"swiper-slide-inner\"><img data-opt-id=1024048453  decoding=\"async\" class=\"swiper-slide-image\" src=\"https:\/\/mlnz6ajpdpgw.i.optimole.com\/cb:nZaz.3ac7\/w:810\/h:1080\/q:90\/ig:avif\/https:\/\/lemanoirdeco.com\/wp-content\/uploads\/2024\/11\/IMG_9703.jpeg\" alt=\"Salon Vivre C\u00f4t\u00e9 Sud - Aix en Provence Mai 2024\" \/><\/figure><\/div>\t\t\t<\/div>\n\t\t\t\t\t\t\t\t\t\t\t\t<div class=\"elementor-swiper-button elementor-swiper-button-prev\" role=\"button\" tabindex=\"0\">\n\t\t\t\t\t\t<i aria-hidden=\"true\" class=\"eicon-chevron-left\"><\/i>\t\t\t\t\t<\/div>\n\t\t\t\t\t<div class=\"elementor-swiper-button elementor-swiper-button-next\" role=\"button\" tabindex=\"0\">\n\t\t\t\t\t\t<i aria-hidden=\"true\" class=\"eicon-chevron-right\"><\/i>\t\t\t\t\t<\/div>\n\t\t\t\t\n\t\t\t\t\t\t\t\t\t<div class=\"swiper-pagination\"><\/div>\n\t\t\t\t\t\t\t\t\t<\/div>\n\t\t\t\t<\/div>\n\t\t\t\t<\/div>\n\t\t\t\t\t<\/div>\n\t\t\t\t<\/div>\n\t\t\t\t<\/div>\n\t\t","protected":false},"excerpt":{"rendered":"<p>Le Manoir D\u00e9co, c&#8217;est quoi ? Le Manoir D\u00e9co, c\u2019est un concept store d\u2019objets de d\u00e9coration fabriqu\u00e9s artisanalement en France, pr\u00e8s de Lyon. Nous proposons des housses de coussins brod\u00e9es \u00e0 la main, mais aussi des trousses brod\u00e9es et des pani\u00e8res. Nous lan\u00e7ons \u00e9galement nos rideaux brod\u00e9s ainsi que nos couvres-lits, avec vos dimensions personnalis\u00e9es [&hellip;]<\/p>\n","protected":false},"author":1,"featured_media":0,"parent":0,"menu_order":0,"comment_status":"closed","ping_status":"closed","template":"","meta":{"ocean_post_layout":"","ocean_both_sidebars_style":"","ocean_both_sidebars_content_width":0,"ocean_both_sidebars_sidebars_width":0,"ocean_sidebar":"","ocean_second_sidebar":"","ocean_disable_margins":"enable","ocean_add_body_class":"","ocean_shortcode_before_top_bar":"","ocean_shortcode_after_top_bar":"","ocean_shortcode_before_header":"","ocean_shortcode_after_header":"","ocean_has_shortcode":"","ocean_shortcode_after_title":"","ocean_shortcode_before_footer_widgets":"","ocean_shortcode_after_footer_widgets":"","ocean_shortcode_before_footer_bottom":"","ocean_shortcode_after_footer_bottom":"","ocean_display_top_bar":"default","ocean_display_header":"default","ocean_header_style":"","ocean_center_header_left_menu":"","ocean_custom_header_template":"","ocean_custom_logo":0,"ocean_custom_retina_logo":0,"ocean_custom_logo_max_width":0,"ocean_custom_logo_tablet_max_width":0,"ocean_custom_logo_mobile_max_width":0,"ocean_custom_logo_max_height":0,"ocean_custom_logo_tablet_max_height":0,"ocean_custom_logo_mobile_max_height":0,"ocean_header_custom_menu":"","ocean_menu_typo_font_family":"","ocean_menu_typo_font_subset":"","ocean_menu_typo_font_size":0,"ocean_menu_typo_font_size_tablet":0,"ocean_menu_typo_font_size_mobile":0,"ocean_menu_typo_font_size_unit":"px","ocean_menu_typo_font_weight":"","ocean_menu_typo_font_weight_tablet":"","ocean_menu_typo_font_weight_mobile":"","ocean_menu_typo_transform":"","ocean_menu_typo_transform_tablet":"","ocean_menu_typo_transform_mobile":"","ocean_menu_typo_line_height":0,"ocean_menu_typo_line_height_tablet":0,"ocean_menu_typo_line_height_mobile":0,"ocean_menu_typo_line_height_unit":"","ocean_menu_typo_spacing":0,"ocean_menu_typo_spacing_tablet":0,"ocean_menu_typo_spacing_mobile":0,"ocean_menu_typo_spacing_unit":"","ocean_menu_link_color":"","ocean_menu_link_color_hover":"","ocean_menu_link_color_active":"","ocean_menu_link_background":"","ocean_menu_link_hover_background":"","ocean_menu_link_active_background":"","ocean_menu_social_links_bg":"","ocean_menu_social_hover_links_bg":"","ocean_menu_social_links_color":"","ocean_menu_social_hover_links_color":"","ocean_disable_title":"default","ocean_disable_heading":"default","ocean_post_title":"","ocean_post_subheading":"","ocean_post_title_style":"","ocean_post_title_background_color":"","ocean_post_title_background":0,"ocean_post_title_bg_image_position":"","ocean_post_title_bg_image_attachment":"","ocean_post_title_bg_image_repeat":"","ocean_post_title_bg_image_size":"","ocean_post_title_height":0,"ocean_post_title_bg_overlay":0.5,"ocean_post_title_bg_overlay_color":"","ocean_disable_breadcrumbs":"default","ocean_breadcrumbs_color":"","ocean_breadcrumbs_separator_color":"","ocean_breadcrumbs_links_color":"","ocean_breadcrumbs_links_hover_color":"","ocean_display_footer_widgets":"default","ocean_display_footer_bottom":"default","ocean_custom_footer_template":"","omw_enable_modal_window":"enable","footnotes":""},"class_list":["post-33","page","type-page","status-publish","hentry","entry","owp-thumbs-layout-horizontal","owp-btn-normal","owp-tabs-layout-horizontal","has-no-thumbnails","has-product-nav"],"yoast_head":"<!-- This site is optimized with the Yoast SEO plugin v27.2 - https:\/\/yoast.com\/product\/yoast-seo-wordpress\/ -->\n<title>Notre histoire - Le Manoir D\u00e9coration<\/title>\n<meta name=\"description\" content=\"Le Manoir D\u00e9co c&#039;est quoi ? C&#039;est une aventure entrepreneuriale familiale. C&#039;est une boutique en ligne de d\u00e9coration artisanale fran\u00e7aise.\" \/>\n<meta name=\"robots\" content=\"index, follow, max-snippet:-1, max-image-preview:large, max-video-preview:-1\" \/>\n<link rel=\"canonical\" href=\"https:\/\/lemanoirdeco.com\/index.php\/notre-histoire\/\" \/>\n<meta property=\"og:locale\" content=\"en_US\" \/>\n<meta property=\"og:type\" content=\"article\" \/>\n<meta property=\"og:title\" content=\"Notre histoire - Le Manoir D\u00e9coration\" \/>\n<meta property=\"og:description\" content=\"Le Manoir D\u00e9co c&#039;est quoi ? C&#039;est une aventure entrepreneuriale familiale. C&#039;est une boutique en ligne de d\u00e9coration artisanale fran\u00e7aise.\" \/>\n<meta property=\"og:url\" content=\"https:\/\/lemanoirdeco.com\/index.php\/notre-histoire\/\" \/>\n<meta property=\"og:site_name\" content=\"Le Manoir D\u00e9coration\" \/>\n<meta property=\"article:modified_time\" content=\"2024-11-20T14:03:05+00:00\" \/>\n<meta property=\"og:image\" content=\"https:\/\/mlnz6ajpdpgw.i.optimole.com\/cb:nZaz.3ac7\/w:810\/h:1080\/q:90\/ig:avif\/https:\/\/lemanoirdeco.com\/wp-content\/uploads\/2023\/11\/IMG_8357.jpeg\" \/>\n<meta name=\"twitter:card\" content=\"summary_large_image\" \/>\n<meta name=\"twitter:label1\" content=\"Est. reading time\" \/>\n\t<meta name=\"twitter:data1\" content=\"5 minutes\" \/>\n<script type=\"application\/ld+json\" class=\"yoast-schema-graph\">{\"@context\":\"https:\/\/schema.org\",\"@graph\":[{\"@type\":\"WebPage\",\"@id\":\"https:\/\/lemanoirdeco.com\/index.php\/notre-histoire\/\",\"url\":\"https:\/\/lemanoirdeco.com\/index.php\/notre-histoire\/\",\"name\":\"Notre histoire - Le Manoir D\u00e9coration\",\"isPartOf\":{\"@id\":\"https:\/\/lemanoirdeco.com\/#website\"},\"primaryImageOfPage\":{\"@id\":\"https:\/\/lemanoirdeco.com\/index.php\/notre-histoire\/#primaryimage\"},\"image\":{\"@id\":\"https:\/\/lemanoirdeco.com\/index.php\/notre-histoire\/#primaryimage\"},\"thumbnailUrl\":\"https:\/\/mlnz6ajpdpgw.i.optimole.com\/cb:nZaz.3ac7\/w:810\/h:1080\/q:90\/ig:avif\/https:\/\/lemanoirdeco.com\/wp-content\/uploads\/2023\/11\/IMG_8357.jpeg\",\"datePublished\":\"2023-10-03T14:43:23+00:00\",\"dateModified\":\"2024-11-20T14:03:05+00:00\",\"description\":\"Le Manoir D\u00e9co c'est quoi ? C'est une aventure entrepreneuriale familiale. C'est une boutique en ligne de d\u00e9coration artisanale fran\u00e7aise.\",\"breadcrumb\":{\"@id\":\"https:\/\/lemanoirdeco.com\/index.php\/notre-histoire\/#breadcrumb\"},\"inLanguage\":\"en-US\",\"potentialAction\":[{\"@type\":\"ReadAction\",\"target\":[\"https:\/\/lemanoirdeco.com\/index.php\/notre-histoire\/\"]}]},{\"@type\":\"ImageObject\",\"inLanguage\":\"en-US\",\"@id\":\"https:\/\/lemanoirdeco.com\/index.php\/notre-histoire\/#primaryimage\",\"url\":\"https:\/\/mlnz6ajpdpgw.i.optimole.com\/cb:nZaz.3ac7\/w:810\/h:1080\/q:90\/ig:avif\/https:\/\/lemanoirdeco.com\/wp-content\/uploads\/2023\/11\/IMG_8357.jpeg\",\"contentUrl\":\"https:\/\/mlnz6ajpdpgw.i.optimole.com\/cb:nZaz.3ac7\/w:810\/h:1080\/q:90\/ig:avif\/https:\/\/lemanoirdeco.com\/wp-content\/uploads\/2023\/11\/IMG_8357.jpeg\"},{\"@type\":\"BreadcrumbList\",\"@id\":\"https:\/\/lemanoirdeco.com\/index.php\/notre-histoire\/#breadcrumb\",\"itemListElement\":[{\"@type\":\"ListItem\",\"position\":1,\"name\":\"Accueil\",\"item\":\"https:\/\/lemanoirdeco.com\/\"},{\"@type\":\"ListItem\",\"position\":2,\"name\":\"Notre histoire\"}]},{\"@type\":\"WebSite\",\"@id\":\"https:\/\/lemanoirdeco.com\/#website\",\"url\":\"https:\/\/lemanoirdeco.com\/\",\"name\":\"Le Manoir D\u00e9coration\",\"description\":\"Fabrication artisanale fran\u00e7aise d&#039;objets de d\u00e9co \",\"publisher\":{\"@id\":\"https:\/\/lemanoirdeco.com\/#organization\"},\"potentialAction\":[{\"@type\":\"SearchAction\",\"target\":{\"@type\":\"EntryPoint\",\"urlTemplate\":\"https:\/\/lemanoirdeco.com\/?s={search_term_string}\"},\"query-input\":{\"@type\":\"PropertyValueSpecification\",\"valueRequired\":true,\"valueName\":\"search_term_string\"}}],\"inLanguage\":\"en-US\"},{\"@type\":\"Organization\",\"@id\":\"https:\/\/lemanoirdeco.com\/#organization\",\"name\":\"Le Manoir D\u00e9coration\",\"alternateName\":\"Le Manoir D\u00e9co\",\"url\":\"https:\/\/lemanoirdeco.com\/\",\"logo\":{\"@type\":\"ImageObject\",\"inLanguage\":\"en-US\",\"@id\":\"https:\/\/lemanoirdeco.com\/#\/schema\/logo\/image\/\",\"url\":\"https:\/\/mlnz6ajpdpgw.i.optimole.com\/cb:nZaz.3ac7\/w:auto\/h:auto\/q:90\/ig:avif\/https:\/\/lemanoirdeco.com\/wp-content\/uploads\/2023\/10\/cropped-LOGO-LE-MANOIR-HR.png\",\"contentUrl\":\"https:\/\/mlnz6ajpdpgw.i.optimole.com\/cb:nZaz.3ac7\/w:auto\/h:auto\/q:90\/ig:avif\/https:\/\/lemanoirdeco.com\/wp-content\/uploads\/2023\/10\/cropped-LOGO-LE-MANOIR-HR.png\",\"width\":1429,\"height\":869,\"caption\":\"Le Manoir D\u00e9coration\"},\"image\":{\"@id\":\"https:\/\/lemanoirdeco.com\/#\/schema\/logo\/image\/\"},\"sameAs\":[\"https:\/\/www.instagram.com\/lemanoirdeco\/\"]}]}<\/script>\n<!-- \/ Yoast SEO plugin. -->","yoast_head_json":{"title":"Notre histoire - Le Manoir D\u00e9coration","description":"Le Manoir D\u00e9co c'est quoi ? C'est une aventure entrepreneuriale familiale. C'est une boutique en ligne de d\u00e9coration artisanale fran\u00e7aise.","robots":{"index":"index","follow":"follow","max-snippet":"max-snippet:-1","max-image-preview":"max-image-preview:large","max-video-preview":"max-video-preview:-1"},"canonical":"https:\/\/lemanoirdeco.com\/index.php\/notre-histoire\/","og_locale":"en_US","og_type":"article","og_title":"Notre histoire - Le Manoir D\u00e9coration","og_description":"Le Manoir D\u00e9co c'est quoi ? C'est une aventure entrepreneuriale familiale. C'est une boutique en ligne de d\u00e9coration artisanale fran\u00e7aise.","og_url":"https:\/\/lemanoirdeco.com\/index.php\/notre-histoire\/","og_site_name":"Le Manoir D\u00e9coration","article_modified_time":"2024-11-20T14:03:05+00:00","og_image":[{"url":"https:\/\/mlnz6ajpdpgw.i.optimole.com\/cb:nZaz.3ac7\/w:810\/h:1080\/q:90\/ig:avif\/https:\/\/lemanoirdeco.com\/wp-content\/uploads\/2023\/11\/IMG_8357.jpeg","type":"","width":"","height":""}],"twitter_card":"summary_large_image","twitter_misc":{"Est. reading time":"5 minutes"},"schema":{"@context":"https:\/\/schema.org","@graph":[{"@type":"WebPage","@id":"https:\/\/lemanoirdeco.com\/index.php\/notre-histoire\/","url":"https:\/\/lemanoirdeco.com\/index.php\/notre-histoire\/","name":"Notre histoire - Le Manoir D\u00e9coration","isPartOf":{"@id":"https:\/\/lemanoirdeco.com\/#website"},"primaryImageOfPage":{"@id":"https:\/\/lemanoirdeco.com\/index.php\/notre-histoire\/#primaryimage"},"image":{"@id":"https:\/\/lemanoirdeco.com\/index.php\/notre-histoire\/#primaryimage"},"thumbnailUrl":"https:\/\/mlnz6ajpdpgw.i.optimole.com\/cb:nZaz.3ac7\/w:810\/h:1080\/q:90\/ig:avif\/https:\/\/lemanoirdeco.com\/wp-content\/uploads\/2023\/11\/IMG_8357.jpeg","datePublished":"2023-10-03T14:43:23+00:00","dateModified":"2024-11-20T14:03:05+00:00","description":"Le Manoir D\u00e9co c'est quoi ? C'est une aventure entrepreneuriale familiale. C'est une boutique en ligne de d\u00e9coration artisanale fran\u00e7aise.","breadcrumb":{"@id":"https:\/\/lemanoirdeco.com\/index.php\/notre-histoire\/#breadcrumb"},"inLanguage":"en-US","potentialAction":[{"@type":"ReadAction","target":["https:\/\/lemanoirdeco.com\/index.php\/notre-histoire\/"]}]},{"@type":"ImageObject","inLanguage":"en-US","@id":"https:\/\/lemanoirdeco.com\/index.php\/notre-histoire\/#primaryimage","url":"https:\/\/mlnz6ajpdpgw.i.optimole.com\/cb:nZaz.3ac7\/w:810\/h:1080\/q:90\/ig:avif\/https:\/\/lemanoirdeco.com\/wp-content\/uploads\/2023\/11\/IMG_8357.jpeg","contentUrl":"https:\/\/mlnz6ajpdpgw.i.optimole.com\/cb:nZaz.3ac7\/w:810\/h:1080\/q:90\/ig:avif\/https:\/\/lemanoirdeco.com\/wp-content\/uploads\/2023\/11\/IMG_8357.jpeg"},{"@type":"BreadcrumbList","@id":"https:\/\/lemanoirdeco.com\/index.php\/notre-histoire\/#breadcrumb","itemListElement":[{"@type":"ListItem","position":1,"name":"Accueil","item":"https:\/\/lemanoirdeco.com\/"},{"@type":"ListItem","position":2,"name":"Notre histoire"}]},{"@type":"WebSite","@id":"https:\/\/lemanoirdeco.com\/#website","url":"https:\/\/lemanoirdeco.com\/","name":"Le Manoir D\u00e9coration","description":"Fabrication artisanale fran\u00e7aise d&#039;objets de d\u00e9co ","publisher":{"@id":"https:\/\/lemanoirdeco.com\/#organization"},"potentialAction":[{"@type":"SearchAction","target":{"@type":"EntryPoint","urlTemplate":"https:\/\/lemanoirdeco.com\/?s={search_term_string}"},"query-input":{"@type":"PropertyValueSpecification","valueRequired":true,"valueName":"search_term_string"}}],"inLanguage":"en-US"},{"@type":"Organization","@id":"https:\/\/lemanoirdeco.com\/#organization","name":"Le Manoir D\u00e9coration","alternateName":"Le Manoir D\u00e9co","url":"https:\/\/lemanoirdeco.com\/","logo":{"@type":"ImageObject","inLanguage":"en-US","@id":"https:\/\/lemanoirdeco.com\/#\/schema\/logo\/image\/","url":"https:\/\/mlnz6ajpdpgw.i.optimole.com\/cb:nZaz.3ac7\/w:auto\/h:auto\/q:90\/ig:avif\/https:\/\/lemanoirdeco.com\/wp-content\/uploads\/2023\/10\/cropped-LOGO-LE-MANOIR-HR.png","contentUrl":"https:\/\/mlnz6ajpdpgw.i.optimole.com\/cb:nZaz.3ac7\/w:auto\/h:auto\/q:90\/ig:avif\/https:\/\/lemanoirdeco.com\/wp-content\/uploads\/2023\/10\/cropped-LOGO-LE-MANOIR-HR.png","width":1429,"height":869,"caption":"Le Manoir D\u00e9coration"},"image":{"@id":"https:\/\/lemanoirdeco.com\/#\/schema\/logo\/image\/"},"sameAs":["https:\/\/www.instagram.com\/lemanoirdeco\/"]}]}},"_links":{"self":[{"href":"https:\/\/lemanoirdeco.com\/index.php\/wp-json\/wp\/v2\/pages\/33","targetHints":{"allow":["GET"]}}],"collection":[{"href":"https:\/\/lemanoirdeco.com\/index.php\/wp-json\/wp\/v2\/pages"}],"about":[{"href":"https:\/\/lemanoirdeco.com\/index.php\/wp-json\/wp\/v2\/types\/page"}],"author":[{"embeddable":true,"href":"https:\/\/lemanoirdeco.com\/index.php\/wp-json\/wp\/v2\/users\/1"}],"replies":[{"embeddable":true,"href":"https:\/\/lemanoirdeco.com\/index.php\/wp-json\/wp\/v2\/comments?post=33"}],"version-history":[{"count":88,"href":"https:\/\/lemanoirdeco.com\/index.php\/wp-json\/wp\/v2\/pages\/33\/revisions"}],"predecessor-version":[{"id":1694,"href":"https:\/\/lemanoirdeco.com\/index.php\/wp-json\/wp\/v2\/pages\/33\/revisions\/1694"}],"wp:attachment":[{"href":"https:\/\/lemanoirdeco.com\/index.php\/wp-json\/wp\/v2\/media?parent=33"}],"curies":[{"name":"wp","href":"https:\/\/api.w.org\/{rel}","templated":true}]}}