{"id":35,"date":"2023-10-03T16:43:23","date_gmt":"2023-10-03T14:43:23","guid":{"rendered":"https:\/\/lemanoirdeco.com\/?page_id=35"},"modified":"2024-05-22T16:27:35","modified_gmt":"2024-05-22T14:27:35","slug":"nous-contacter","status":"publish","type":"page","link":"https:\/\/lemanoirdeco.com\/index.php\/accueil-le-manoir-deco\/nous-contacter\/","title":{"rendered":"Nous contacter"},"content":{"rendered":"\t\t<div data-elementor-type=\"wp-page\" data-elementor-id=\"35\" class=\"elementor elementor-35\">\n\t\t\t\t<div class=\"elementor-element elementor-element-d7e6ccb e-flex e-con-boxed e-con e-parent\" data-id=\"d7e6ccb\" data-element_type=\"container\">\n\t\t\t\t\t<div class=\"e-con-inner\">\n\t\t<div class=\"elementor-element elementor-element-135092c e-con-full e-flex e-con e-child\" data-id=\"135092c\" data-element_type=\"container\">\n\t\t\t\t<div class=\"elementor-element elementor-element-b6466dd elementor-widget elementor-widget-wpforms\" data-id=\"b6466dd\" data-element_type=\"widget\" data-widget_type=\"wpforms.default\">\n\t\t\t\t<div class=\"elementor-widget-container\">\n\t\t\t<div class=\"wpforms-container wpforms-container-full wpforms-render-modern\" id=\"wpforms-95\"><form id=\"wpforms-form-95\" class=\"wpforms-validate wpforms-form wpforms-ajax-form\" data-formid=\"95\" method=\"post\" enctype=\"multipart\/form-data\" action=\"\/index.php\/wp-json\/wp\/v2\/pages\/35\" data-token=\"42baf6fb9d934a5d6bc4fdbe585292be\" data-token-time=\"1776519589\"><noscript class=\"wpforms-error-noscript\">Please enable JavaScript in your browser to complete this form.<\/noscript><div id=\"wpforms-error-noscript\" style=\"display: none;\">Please enable JavaScript in your browser to complete this form.<\/div><div class=\"wpforms-field-container\"><div id=\"wpforms-95-field_0-container\" class=\"wpforms-field wpforms-field-name\" data-field-id=\"0\"><fieldset><legend class=\"wpforms-field-label\">Nom <span class=\"wpforms-required-label\" aria-hidden=\"true\">*<\/span><\/legend><div class=\"wpforms-field-row wpforms-field-medium\"><div class=\"wpforms-field-row-block wpforms-first wpforms-one-half\"><input type=\"text\" id=\"wpforms-95-field_0\" class=\"wpforms-field-name-first wpforms-field-required\" name=\"wpforms[fields][0][first]\" placeholder=\"Pr\u00e9nom\" aria-errormessage=\"wpforms-95-field_0-error\" required><label for=\"wpforms-95-field_0\" class=\"wpforms-field-sublabel after wpforms-sublabel-hide\">First<\/label><\/div><div class=\"wpforms-field-row-block wpforms-one-half\"><input type=\"text\" id=\"wpforms-95-field_0-last\" class=\"wpforms-field-name-last wpforms-field-required\" name=\"wpforms[fields][0][last]\" placeholder=\"Nom\" aria-errormessage=\"wpforms-95-field_0-last-error\" required><label for=\"wpforms-95-field_0-last\" class=\"wpforms-field-sublabel after wpforms-sublabel-hide\">Last<\/label><\/div><\/div><\/fieldset><\/div><div id=\"wpforms-95-field_1-container\" class=\"wpforms-field wpforms-field-email\" data-field-id=\"1\"><label class=\"wpforms-field-label\" for=\"wpforms-95-field_1\">E-mail <span class=\"wpforms-required-label\" aria-hidden=\"true\">*<\/span><\/label><input type=\"email\" id=\"wpforms-95-field_1\" class=\"wpforms-field-medium wpforms-field-required\" name=\"wpforms[fields][1]\" spellcheck=\"false\" aria-errormessage=\"wpforms-95-field_1-error\" required><\/div><div id=\"wpforms-95-field_3-container\" class=\"wpforms-field wpforms-field-select wpforms-field-select-style-classic\" data-field-id=\"3\"><label class=\"wpforms-field-label\" for=\"wpforms-95-field_3\">Objet de votre message <span class=\"wpforms-required-label\" aria-hidden=\"true\">*<\/span><\/label><select id=\"wpforms-95-field_3\" class=\"wpforms-field-medium wpforms-field-required\" name=\"wpforms[fields][3]\" required=\"required\"><option value=\"Service client\"  selected='selected' class=\"choice-1 depth-1\"  >Service client<\/option><option value=\"Demande d&#039;\u00e9chantillons\"  class=\"choice-4 depth-1\"  >Demande d'\u00e9chantillons<\/option><option value=\"Professionnels\"  class=\"choice-2 depth-1\"  >Professionnels<\/option><option value=\"Autre\"  class=\"choice-3 depth-1\"  >Autre<\/option><\/select><\/div><div id=\"wpforms-95-field_2-container\" class=\"wpforms-field wpforms-field-textarea\" data-field-id=\"2\"><label class=\"wpforms-field-label\" for=\"wpforms-95-field_2\">Message<\/label><textarea id=\"wpforms-95-field_2\" class=\"wpforms-field-medium\" name=\"wpforms[fields][2]\" aria-errormessage=\"wpforms-95-field_2-error\" ><\/textarea><\/div><\/div><!-- .wpforms-field-container --><div class=\"wpforms-submit-container\" ><input type=\"hidden\" name=\"wpforms[id]\" value=\"95\"><input type=\"hidden\" name=\"page_title\" value=\"\"><input type=\"hidden\" name=\"page_url\" value=\"https:\/\/lemanoirdeco.com\/index.php\/wp-json\/wp\/v2\/pages\/35\"><input type=\"hidden\" name=\"url_referer\" value=\"\"><button type=\"submit\" name=\"wpforms[submit]\" id=\"wpforms-submit-95\" class=\"wpforms-submit\" data-alt-text=\"Envoi...\" data-submit-text=\"Envoyer\" aria-live=\"assertive\" value=\"wpforms-submit\">Envoyer<\/button><img data-opt-id=960217740  fetchpriority=\"high\" decoding=\"async\" src=\"https:\/\/mlnz6ajpdpgw.i.optimole.com\/cb:nZaz.3ac7\/w:auto\/h:auto\/q:90\/ig:avif\/https:\/\/lemanoirdeco.com\/wp-content\/plugins\/wpforms-lite\/assets\/images\/submit-spin.svg\" class=\"wpforms-submit-spinner\" style=\"display: none;\" width=\"26\" height=\"26\" alt=\"Loading\"><\/div><\/form><\/div>  <!-- .wpforms-container -->\t\t<\/div>\n\t\t\t\t<\/div>\n\t\t\t\t<\/div>\n\t\t<div class=\"elementor-element elementor-element-d3d2ea2 e-con-full e-flex e-con e-child\" data-id=\"d3d2ea2\" data-element_type=\"container\">\n\t\t<div class=\"elementor-element elementor-element-6e8a615 e-flex e-con-boxed e-con e-child\" data-id=\"6e8a615\" data-element_type=\"container\">\n\t\t\t\t\t<div class=\"e-con-inner\">\n\t\t\t\t<div class=\"elementor-element elementor-element-cdbd538 elementor-widget elementor-widget-heading\" data-id=\"cdbd538\" data-element_type=\"widget\" data-widget_type=\"heading.default\">\n\t\t\t\t<div class=\"elementor-widget-container\">\n\t\t\t<h2 class=\"elementor-heading-title elementor-size-default\">INFORMATIONS<\/h2>\t\t<\/div>\n\t\t\t\t<\/div>\n\t\t\t\t<div class=\"elementor-element elementor-element-7e0b33c elementor-widget__width-inherit elementor-mobile-align-left elementor-widget-mobile__width-initial elementor-icon-list--layout-traditional elementor-list-item-link-full_width elementor-widget elementor-widget-icon-list\" data-id=\"7e0b33c\" data-element_type=\"widget\" data-widget_type=\"icon-list.default\">\n\t\t\t\t<div class=\"elementor-widget-container\">\n\t\t\t\t\t<ul class=\"elementor-icon-list-items\">\n\t\t\t\t\t\t\t<li class=\"elementor-icon-list-item\">\n\t\t\t\t\t\t\t\t\t\t\t<span class=\"elementor-icon-list-icon\">\n\t\t\t\t\t\t\t<i aria-hidden=\"true\" class=\"far fa-envelope\"><\/i>\t\t\t\t\t\t<\/span>\n\t\t\t\t\t\t\t\t\t\t<span class=\"elementor-icon-list-text\">Notre email : josephine@lemanoirdeco.com<\/span>\n\t\t\t\t\t\t\t\t\t<\/li>\n\t\t\t\t\t\t\t\t<li class=\"elementor-icon-list-item\">\n\t\t\t\t\t\t\t\t\t\t\t<a href=\"https:\/\/www.instagram.com\/lemanoirdeco\/\">\n\n\t\t\t\t\t\t\t\t\t\t\t\t<span class=\"elementor-icon-list-icon\">\n\t\t\t\t\t\t\t<i aria-hidden=\"true\" class=\"fab fa-instagram\"><\/i>\t\t\t\t\t\t<\/span>\n\t\t\t\t\t\t\t\t\t\t<span class=\"elementor-icon-list-text\">Suiviez nous sur Instagram : @lemanoirdeco<\/span>\n\t\t\t\t\t\t\t\t\t\t\t<\/a>\n\t\t\t\t\t\t\t\t\t<\/li>\n\t\t\t\t\t\t<\/ul>\n\t\t\t\t<\/div>\n\t\t\t\t<\/div>\n\t\t\t\t\t<\/div>\n\t\t\t\t<\/div>\n\t\t<div class=\"elementor-element elementor-element-0cc5876 e-flex e-con-boxed e-con e-child\" data-id=\"0cc5876\" data-element_type=\"container\">\n\t\t\t\t\t<div class=\"e-con-inner\">\n\t\t\t\t<div class=\"elementor-element elementor-element-24cdd61 elementor-widget elementor-widget-image\" data-id=\"24cdd61\" data-element_type=\"widget\" data-widget_type=\"image.default\">\n\t\t\t\t<div class=\"elementor-widget-container\">\n\t\t\t\t\t\t\t\t\t\t\t\t\t<img data-opt-id=928767148  fetchpriority=\"high\" decoding=\"async\" width=\"1024\" height=\"726\" src=\"https:\/\/mlnz6ajpdpgw.i.optimole.com\/cb:nZaz.3ac7\/w:1024\/h:726\/q:90\/ig:avif\/https:\/\/lemanoirdeco.com\/wp-content\/uploads\/2023\/11\/LOGO-LE-MANOIR-HR-7.png\" class=\"attachment-large size-large wp-image-412\" alt=\"\" srcset=\"https:\/\/mlnz6ajpdpgw.i.optimole.com\/cb:nZaz.3ac7\/w:1024\/h:726\/q:90\/ig:avif\/https:\/\/lemanoirdeco.com\/wp-content\/uploads\/2023\/11\/LOGO-LE-MANOIR-HR-7.png 1024w, https:\/\/mlnz6ajpdpgw.i.optimole.com\/cb:nZaz.3ac7\/w:300\/h:213\/q:90\/ig:avif\/https:\/\/lemanoirdeco.com\/wp-content\/uploads\/2023\/11\/LOGO-LE-MANOIR-HR-7.png 300w, https:\/\/mlnz6ajpdpgw.i.optimole.com\/cb:nZaz.3ac7\/w:768\/h:545\/q:90\/ig:avif\/https:\/\/lemanoirdeco.com\/wp-content\/uploads\/2023\/11\/LOGO-LE-MANOIR-HR-7.png 768w, https:\/\/mlnz6ajpdpgw.i.optimole.com\/cb:nZaz.3ac7\/w:1521\/h:1080\/q:90\/ig:avif\/https:\/\/lemanoirdeco.com\/wp-content\/uploads\/2023\/11\/LOGO-LE-MANOIR-HR-7.png 1536w, https:\/\/mlnz6ajpdpgw.i.optimole.com\/cb:nZaz.3ac7\/w:600\/h:426\/q:90\/ig:avif\/https:\/\/lemanoirdeco.com\/wp-content\/uploads\/2023\/11\/LOGO-LE-MANOIR-HR-7.png 600w, https:\/\/mlnz6ajpdpgw.i.optimole.com\/cb:nZaz.3ac7\/w:1522\/h:1080\/q:90\/ig:avif\/https:\/\/lemanoirdeco.com\/wp-content\/uploads\/2023\/11\/LOGO-LE-MANOIR-HR-7.png 1748w\" sizes=\"(max-width: 1024px) 100vw, 1024px\" \/>\t\t\t\t\t\t\t\t\t\t\t\t\t<\/div>\n\t\t\t\t<\/div>\n\t\t\t\t\t<\/div>\n\t\t\t\t<\/div>\n\t\t\t\t<\/div>\n\t\t\t\t\t<\/div>\n\t\t\t\t<\/div>\n\t\t\t\t<\/div>\n\t\t","protected":false},"excerpt":{"rendered":"<p>Veuillez activer JavaScript dans votre navigateur pour remplir ce formulaire.Veuillez activer JavaScript dans votre navigateur pour remplir ce formulaire. Nom * Pr\u00e9nomNom E-mail *Objet de votre message *Service clientDemande d&#039;\u00e9chantillonsProfessionnelsAutreMessage Envoyer INFORMATIONS Notre email : josephine@lemanoirdeco.com Suiviez nous sur Instagram : @lemanoirdeco<\/p>\n","protected":false},"author":1,"featured_media":0,"parent":39,"menu_order":0,"comment_status":"closed","ping_status":"closed","template":"","meta":{"ocean_post_layout":"","ocean_both_sidebars_style":"","ocean_both_sidebars_content_width":0,"ocean_both_sidebars_sidebars_width":0,"ocean_sidebar":"","ocean_second_sidebar":"","ocean_disable_margins":"enable","ocean_add_body_class":"","ocean_shortcode_before_top_bar":"","ocean_shortcode_after_top_bar":"","ocean_shortcode_before_header":"","ocean_shortcode_after_header":"","ocean_has_shortcode":"","ocean_shortcode_after_title":"","ocean_shortcode_before_footer_widgets":"","ocean_shortcode_after_footer_widgets":"","ocean_shortcode_before_footer_bottom":"","ocean_shortcode_after_footer_bottom":"","ocean_display_top_bar":"default","ocean_display_header":"default","ocean_header_style":"","ocean_center_header_left_menu":"","ocean_custom_header_template":"","ocean_custom_logo":0,"ocean_custom_retina_logo":0,"ocean_custom_logo_max_width":0,"ocean_custom_logo_tablet_max_width":0,"ocean_custom_logo_mobile_max_width":0,"ocean_custom_logo_max_height":0,"ocean_custom_logo_tablet_max_height":0,"ocean_custom_logo_mobile_max_height":0,"ocean_header_custom_menu":"","ocean_menu_typo_font_family":"","ocean_menu_typo_font_subset":"","ocean_menu_typo_font_size":0,"ocean_menu_typo_font_size_tablet":0,"ocean_menu_typo_font_size_mobile":0,"ocean_menu_typo_font_size_unit":"px","ocean_menu_typo_font_weight":"","ocean_menu_typo_font_weight_tablet":"","ocean_menu_typo_font_weight_mobile":"","ocean_menu_typo_transform":"","ocean_menu_typo_transform_tablet":"","ocean_menu_typo_transform_mobile":"","ocean_menu_typo_line_height":0,"ocean_menu_typo_line_height_tablet":0,"ocean_menu_typo_line_height_mobile":0,"ocean_menu_typo_line_height_unit":"","ocean_menu_typo_spacing":0,"ocean_menu_typo_spacing_tablet":0,"ocean_menu_typo_spacing_mobile":0,"ocean_menu_typo_spacing_unit":"","ocean_menu_link_color":"","ocean_menu_link_color_hover":"","ocean_menu_link_color_active":"","ocean_menu_link_background":"","ocean_menu_link_hover_background":"","ocean_menu_link_active_background":"","ocean_menu_social_links_bg":"","ocean_menu_social_hover_links_bg":"","ocean_menu_social_links_color":"","ocean_menu_social_hover_links_color":"","ocean_disable_title":"default","ocean_disable_heading":"default","ocean_post_title":"","ocean_post_subheading":"","ocean_post_title_style":"","ocean_post_title_background_color":"","ocean_post_title_background":0,"ocean_post_title_bg_image_position":"","ocean_post_title_bg_image_attachment":"","ocean_post_title_bg_image_repeat":"","ocean_post_title_bg_image_size":"","ocean_post_title_height":0,"ocean_post_title_bg_overlay":0.5,"ocean_post_title_bg_overlay_color":"","ocean_disable_breadcrumbs":"default","ocean_breadcrumbs_color":"","ocean_breadcrumbs_separator_color":"","ocean_breadcrumbs_links_color":"","ocean_breadcrumbs_links_hover_color":"","ocean_display_footer_widgets":"default","ocean_display_footer_bottom":"default","ocean_custom_footer_template":"","omw_enable_modal_window":"enable","footnotes":""},"class_list":["post-35","page","type-page","status-publish","hentry","entry","owp-thumbs-layout-horizontal","owp-btn-normal","owp-tabs-layout-horizontal","has-no-thumbnails","has-product-nav"],"yoast_head":"<!-- This site is optimized with the Yoast SEO plugin v27.2 - https:\/\/yoast.com\/product\/yoast-seo-wordpress\/ -->\n<title>Nous contacter - Le Manoir D\u00e9coration<\/title>\n<meta name=\"description\" content=\"Pour nous contacter, veuillez remplir le formulaire ci-dessous. Nous r\u00e9pondrons rapidement \u00e0 toutes vos questions!\" \/>\n<meta name=\"robots\" content=\"index, follow, max-snippet:-1, max-image-preview:large, max-video-preview:-1\" \/>\n<link rel=\"canonical\" href=\"https:\/\/lemanoirdeco.com\/index.php\/accueil-le-manoir-deco\/nous-contacter\/\" \/>\n<meta property=\"og:locale\" content=\"en_US\" \/>\n<meta property=\"og:type\" content=\"article\" \/>\n<meta property=\"og:title\" content=\"Nous contacter - Le Manoir D\u00e9coration\" \/>\n<meta property=\"og:description\" content=\"Pour nous contacter, veuillez remplir le formulaire ci-dessous. Nous r\u00e9pondrons rapidement \u00e0 toutes vos questions!\" \/>\n<meta property=\"og:url\" content=\"https:\/\/lemanoirdeco.com\/index.php\/accueil-le-manoir-deco\/nous-contacter\/\" \/>\n<meta property=\"og:site_name\" content=\"Le Manoir D\u00e9coration\" \/>\n<meta property=\"article:modified_time\" content=\"2024-05-22T14:27:35+00:00\" \/>\n<meta property=\"og:image\" content=\"https:\/\/mlnz6ajpdpgw.i.optimole.com\/cb:nZaz.3ac7\/w:auto\/h:auto\/q:90\/ig:avif\/https:\/\/lemanoirdeco.com\/wp-content\/plugins\/wpforms-lite\/assets\/images\/submit-spin.svg\" \/>\n<meta name=\"twitter:card\" content=\"summary_large_image\" \/>\n<meta name=\"twitter:label1\" content=\"Est. reading time\" \/>\n\t<meta name=\"twitter:data1\" content=\"1 minute\" \/>\n<script type=\"application\/ld+json\" class=\"yoast-schema-graph\">{\"@context\":\"https:\/\/schema.org\",\"@graph\":[{\"@type\":\"WebPage\",\"@id\":\"https:\/\/lemanoirdeco.com\/index.php\/accueil-le-manoir-deco\/nous-contacter\/\",\"url\":\"https:\/\/lemanoirdeco.com\/index.php\/accueil-le-manoir-deco\/nous-contacter\/\",\"name\":\"Nous contacter - Le Manoir D\u00e9coration\",\"isPartOf\":{\"@id\":\"https:\/\/lemanoirdeco.com\/#website\"},\"primaryImageOfPage\":{\"@id\":\"https:\/\/lemanoirdeco.com\/index.php\/accueil-le-manoir-deco\/nous-contacter\/#primaryimage\"},\"image\":{\"@id\":\"https:\/\/lemanoirdeco.com\/index.php\/accueil-le-manoir-deco\/nous-contacter\/#primaryimage\"},\"thumbnailUrl\":\"https:\/\/mlnz6ajpdpgw.i.optimole.com\/cb:nZaz.3ac7\/w:auto\/h:auto\/q:90\/ig:avif\/https:\/\/lemanoirdeco.com\/wp-content\/plugins\/wpforms-lite\/assets\/images\/submit-spin.svg\",\"datePublished\":\"2023-10-03T14:43:23+00:00\",\"dateModified\":\"2024-05-22T14:27:35+00:00\",\"description\":\"Pour nous contacter, veuillez remplir le formulaire ci-dessous. Nous r\u00e9pondrons rapidement \u00e0 toutes vos questions!\",\"breadcrumb\":{\"@id\":\"https:\/\/lemanoirdeco.com\/index.php\/accueil-le-manoir-deco\/nous-contacter\/#breadcrumb\"},\"inLanguage\":\"en-US\",\"potentialAction\":[{\"@type\":\"ReadAction\",\"target\":[\"https:\/\/lemanoirdeco.com\/index.php\/accueil-le-manoir-deco\/nous-contacter\/\"]}]},{\"@type\":\"ImageObject\",\"inLanguage\":\"en-US\",\"@id\":\"https:\/\/lemanoirdeco.com\/index.php\/accueil-le-manoir-deco\/nous-contacter\/#primaryimage\",\"url\":\"https:\/\/mlnz6ajpdpgw.i.optimole.com\/cb:nZaz.3ac7\/w:auto\/h:auto\/q:90\/ig:avif\/https:\/\/lemanoirdeco.com\/wp-content\/plugins\/wpforms-lite\/assets\/images\/submit-spin.svg\",\"contentUrl\":\"https:\/\/mlnz6ajpdpgw.i.optimole.com\/cb:nZaz.3ac7\/w:auto\/h:auto\/q:90\/ig:avif\/https:\/\/lemanoirdeco.com\/wp-content\/plugins\/wpforms-lite\/assets\/images\/submit-spin.svg\"},{\"@type\":\"BreadcrumbList\",\"@id\":\"https:\/\/lemanoirdeco.com\/index.php\/accueil-le-manoir-deco\/nous-contacter\/#breadcrumb\",\"itemListElement\":[{\"@type\":\"ListItem\",\"position\":1,\"name\":\"Accueil\",\"item\":\"https:\/\/lemanoirdeco.com\/\"},{\"@type\":\"ListItem\",\"position\":2,\"name\":\"Accueil\",\"item\":\"https:\/\/lemanoirdeco.com\/\"},{\"@type\":\"ListItem\",\"position\":3,\"name\":\"Nous contacter\"}]},{\"@type\":\"WebSite\",\"@id\":\"https:\/\/lemanoirdeco.com\/#website\",\"url\":\"https:\/\/lemanoirdeco.com\/\",\"name\":\"Le Manoir D\u00e9coration\",\"description\":\"Fabrication artisanale fran\u00e7aise d&#039;objets de d\u00e9co \",\"publisher\":{\"@id\":\"https:\/\/lemanoirdeco.com\/#organization\"},\"potentialAction\":[{\"@type\":\"SearchAction\",\"target\":{\"@type\":\"EntryPoint\",\"urlTemplate\":\"https:\/\/lemanoirdeco.com\/?s={search_term_string}\"},\"query-input\":{\"@type\":\"PropertyValueSpecification\",\"valueRequired\":true,\"valueName\":\"search_term_string\"}}],\"inLanguage\":\"en-US\"},{\"@type\":\"Organization\",\"@id\":\"https:\/\/lemanoirdeco.com\/#organization\",\"name\":\"Le Manoir D\u00e9coration\",\"alternateName\":\"Le Manoir D\u00e9co\",\"url\":\"https:\/\/lemanoirdeco.com\/\",\"logo\":{\"@type\":\"ImageObject\",\"inLanguage\":\"en-US\",\"@id\":\"https:\/\/lemanoirdeco.com\/#\/schema\/logo\/image\/\",\"url\":\"https:\/\/mlnz6ajpdpgw.i.optimole.com\/cb:nZaz.3ac7\/w:auto\/h:auto\/q:90\/ig:avif\/https:\/\/lemanoirdeco.com\/wp-content\/uploads\/2023\/10\/cropped-LOGO-LE-MANOIR-HR.png\",\"contentUrl\":\"https:\/\/mlnz6ajpdpgw.i.optimole.com\/cb:nZaz.3ac7\/w:auto\/h:auto\/q:90\/ig:avif\/https:\/\/lemanoirdeco.com\/wp-content\/uploads\/2023\/10\/cropped-LOGO-LE-MANOIR-HR.png\",\"width\":1429,\"height\":869,\"caption\":\"Le Manoir D\u00e9coration\"},\"image\":{\"@id\":\"https:\/\/lemanoirdeco.com\/#\/schema\/logo\/image\/\"},\"sameAs\":[\"https:\/\/www.instagram.com\/lemanoirdeco\/\"]}]}<\/script>\n<!-- \/ Yoast SEO plugin. -->","yoast_head_json":{"title":"Nous contacter - Le Manoir D\u00e9coration","description":"Pour nous contacter, veuillez remplir le formulaire ci-dessous. Nous r\u00e9pondrons rapidement \u00e0 toutes vos questions!","robots":{"index":"index","follow":"follow","max-snippet":"max-snippet:-1","max-image-preview":"max-image-preview:large","max-video-preview":"max-video-preview:-1"},"canonical":"https:\/\/lemanoirdeco.com\/index.php\/accueil-le-manoir-deco\/nous-contacter\/","og_locale":"en_US","og_type":"article","og_title":"Nous contacter - Le Manoir D\u00e9coration","og_description":"Pour nous contacter, veuillez remplir le formulaire ci-dessous. Nous r\u00e9pondrons rapidement \u00e0 toutes vos questions!","og_url":"https:\/\/lemanoirdeco.com\/index.php\/accueil-le-manoir-deco\/nous-contacter\/","og_site_name":"Le Manoir D\u00e9coration","article_modified_time":"2024-05-22T14:27:35+00:00","og_image":[{"url":"https:\/\/mlnz6ajpdpgw.i.optimole.com\/cb:nZaz.3ac7\/w:auto\/h:auto\/q:90\/ig:avif\/https:\/\/lemanoirdeco.com\/wp-content\/plugins\/wpforms-lite\/assets\/images\/submit-spin.svg","type":"","width":"","height":""}],"twitter_card":"summary_large_image","twitter_misc":{"Est. reading time":"1 minute"},"schema":{"@context":"https:\/\/schema.org","@graph":[{"@type":"WebPage","@id":"https:\/\/lemanoirdeco.com\/index.php\/accueil-le-manoir-deco\/nous-contacter\/","url":"https:\/\/lemanoirdeco.com\/index.php\/accueil-le-manoir-deco\/nous-contacter\/","name":"Nous contacter - Le Manoir D\u00e9coration","isPartOf":{"@id":"https:\/\/lemanoirdeco.com\/#website"},"primaryImageOfPage":{"@id":"https:\/\/lemanoirdeco.com\/index.php\/accueil-le-manoir-deco\/nous-contacter\/#primaryimage"},"image":{"@id":"https:\/\/lemanoirdeco.com\/index.php\/accueil-le-manoir-deco\/nous-contacter\/#primaryimage"},"thumbnailUrl":"https:\/\/mlnz6ajpdpgw.i.optimole.com\/cb:nZaz.3ac7\/w:auto\/h:auto\/q:90\/ig:avif\/https:\/\/lemanoirdeco.com\/wp-content\/plugins\/wpforms-lite\/assets\/images\/submit-spin.svg","datePublished":"2023-10-03T14:43:23+00:00","dateModified":"2024-05-22T14:27:35+00:00","description":"Pour nous contacter, veuillez remplir le formulaire ci-dessous. Nous r\u00e9pondrons rapidement \u00e0 toutes vos questions!","breadcrumb":{"@id":"https:\/\/lemanoirdeco.com\/index.php\/accueil-le-manoir-deco\/nous-contacter\/#breadcrumb"},"inLanguage":"en-US","potentialAction":[{"@type":"ReadAction","target":["https:\/\/lemanoirdeco.com\/index.php\/accueil-le-manoir-deco\/nous-contacter\/"]}]},{"@type":"ImageObject","inLanguage":"en-US","@id":"https:\/\/lemanoirdeco.com\/index.php\/accueil-le-manoir-deco\/nous-contacter\/#primaryimage","url":"https:\/\/mlnz6ajpdpgw.i.optimole.com\/cb:nZaz.3ac7\/w:auto\/h:auto\/q:90\/ig:avif\/https:\/\/lemanoirdeco.com\/wp-content\/plugins\/wpforms-lite\/assets\/images\/submit-spin.svg","contentUrl":"https:\/\/mlnz6ajpdpgw.i.optimole.com\/cb:nZaz.3ac7\/w:auto\/h:auto\/q:90\/ig:avif\/https:\/\/lemanoirdeco.com\/wp-content\/plugins\/wpforms-lite\/assets\/images\/submit-spin.svg"},{"@type":"BreadcrumbList","@id":"https:\/\/lemanoirdeco.com\/index.php\/accueil-le-manoir-deco\/nous-contacter\/#breadcrumb","itemListElement":[{"@type":"ListItem","position":1,"name":"Accueil","item":"https:\/\/lemanoirdeco.com\/"},{"@type":"ListItem","position":2,"name":"Accueil","item":"https:\/\/lemanoirdeco.com\/"},{"@type":"ListItem","position":3,"name":"Nous contacter"}]},{"@type":"WebSite","@id":"https:\/\/lemanoirdeco.com\/#website","url":"https:\/\/lemanoirdeco.com\/","name":"Le Manoir D\u00e9coration","description":"Fabrication artisanale fran\u00e7aise d&#039;objets de d\u00e9co ","publisher":{"@id":"https:\/\/lemanoirdeco.com\/#organization"},"potentialAction":[{"@type":"SearchAction","target":{"@type":"EntryPoint","urlTemplate":"https:\/\/lemanoirdeco.com\/?s={search_term_string}"},"query-input":{"@type":"PropertyValueSpecification","valueRequired":true,"valueName":"search_term_string"}}],"inLanguage":"en-US"},{"@type":"Organization","@id":"https:\/\/lemanoirdeco.com\/#organization","name":"Le Manoir D\u00e9coration","alternateName":"Le Manoir D\u00e9co","url":"https:\/\/lemanoirdeco.com\/","logo":{"@type":"ImageObject","inLanguage":"en-US","@id":"https:\/\/lemanoirdeco.com\/#\/schema\/logo\/image\/","url":"https:\/\/mlnz6ajpdpgw.i.optimole.com\/cb:nZaz.3ac7\/w:auto\/h:auto\/q:90\/ig:avif\/https:\/\/lemanoirdeco.com\/wp-content\/uploads\/2023\/10\/cropped-LOGO-LE-MANOIR-HR.png","contentUrl":"https:\/\/mlnz6ajpdpgw.i.optimole.com\/cb:nZaz.3ac7\/w:auto\/h:auto\/q:90\/ig:avif\/https:\/\/lemanoirdeco.com\/wp-content\/uploads\/2023\/10\/cropped-LOGO-LE-MANOIR-HR.png","width":1429,"height":869,"caption":"Le Manoir D\u00e9coration"},"image":{"@id":"https:\/\/lemanoirdeco.com\/#\/schema\/logo\/image\/"},"sameAs":["https:\/\/www.instagram.com\/lemanoirdeco\/"]}]}},"_links":{"self":[{"href":"https:\/\/lemanoirdeco.com\/index.php\/wp-json\/wp\/v2\/pages\/35","targetHints":{"allow":["GET"]}}],"collection":[{"href":"https:\/\/lemanoirdeco.com\/index.php\/wp-json\/wp\/v2\/pages"}],"about":[{"href":"https:\/\/lemanoirdeco.com\/index.php\/wp-json\/wp\/v2\/types\/page"}],"author":[{"embeddable":true,"href":"https:\/\/lemanoirdeco.com\/index.php\/wp-json\/wp\/v2\/users\/1"}],"replies":[{"embeddable":true,"href":"https:\/\/lemanoirdeco.com\/index.php\/wp-json\/wp\/v2\/comments?post=35"}],"version-history":[{"count":84,"href":"https:\/\/lemanoirdeco.com\/index.php\/wp-json\/wp\/v2\/pages\/35\/revisions"}],"predecessor-version":[{"id":1516,"href":"https:\/\/lemanoirdeco.com\/index.php\/wp-json\/wp\/v2\/pages\/35\/revisions\/1516"}],"up":[{"embeddable":true,"href":"https:\/\/lemanoirdeco.com\/index.php\/wp-json\/wp\/v2\/pages\/39"}],"wp:attachment":[{"href":"https:\/\/lemanoirdeco.com\/index.php\/wp-json\/wp\/v2\/media?parent=35"}],"curies":[{"name":"wp","href":"https:\/\/api.w.org\/{rel}","templated":true}]}}