{"id":1284,"date":"2024-04-22T11:45:50","date_gmt":"2024-04-22T09:45:50","guid":{"rendered":"https:\/\/lemanoirdeco.com\/?post_type=product&#038;p=1284"},"modified":"2024-06-24T15:36:21","modified_gmt":"2024-06-24T13:36:21","slug":"interieur-de-coussin-kapok-xl-taille-80x80cm","status":"publish","type":"product","link":"https:\/\/lemanoirdeco.com\/index.php\/product\/interieur-de-coussin-kapok-xl-taille-80x80cm\/","title":{"rendered":"Int\u00e9rieur de coussin kapok &#8211; XL &#8211; Taille 80x80cm"},"content":{"rendered":"<p>Si vous souhaitez acheter nos housses de coussin brod\u00e9es mais que vous n&#8217;avez pas d&#8217;int\u00e9rieur qui va avec chez vous, nous avons pensez \u00e0 vous !<\/p>\n<h2 style=\"margin-top: 40px; margin-bottom: 30px;\">Caract\u00e9ristiques de nos int\u00e9rieurs de coussin :<\/h2>\n<p>Nous proposons <strong>4 tailles d&#8217;int\u00e9rieurs de coussins<\/strong>, qui correspondent parfaitement \u00e0 nos diff\u00e9rentes housses brod\u00e9es :<\/p>\n<ul>\n<li>30x40cm \u2013 Taille id\u00e9ale \u00e0 offrir en cadeau.<\/li>\n<li>40x60cm \u2013 Son grand-fr\u00e8re.<\/li>\n<li>50x70cm \u2013 Correspond \u00e0 la taille d\u2019un oreiller rectangulaire.<\/li>\n<li>80x80cm \u2013 Notre mod\u00e8le XXL, \u00e0 utiliser en maxi coussin ou \u00e0 poser au sol.<\/li>\n<\/ul>\n<p>&nbsp;<\/p>\n<p>Le mod\u00e8le XL, taille 80x80cm est en fibre de <strong>kapok,\u00a0<\/strong>ce qui lui assure un <strong>tr\u00e8s bon confort<\/strong>, \u00e0 l&#8217;aspect bien &#8220;rebondi&#8221;.<\/p>\n<p>Gr\u00e2ce \u00e0 nos diff\u00e9rentes tailles d&#8217;int\u00e9rieurs et de housses de coussins, vous pouvez tout \u00e0 fait inter-changer les housses, de fa\u00e7on \u00e0 adapter votre int\u00e9rieur au fil des saisons par exemple !<\/p>\n<p>Pour des raisons \u00e9videntes de tailles, nos int\u00e9rieurs de coussin peuvent \u00eatre envoy\u00e9s dans un carton volumineux.<\/p>\n<p>Il est possible que vos int\u00e9rieurs de coussin arrivent chez vous un peu &#8220;raplapla&#8221;. Pas de panique, la plume se <strong>remet tr\u00e8s rapidement en place<\/strong>, pour un r\u00e9sultat optimal !<\/p>\n<h2 style=\"margin-top: 40px; margin-bottom: 30px;\">Nos\u00a0<b>conseils d\u2019entretien<\/b> pour vos int\u00e9rieurs de coussins :<\/h2>\n<ul>\n<li>L&#8217;int\u00e9rieur de coussin kapok -XL &#8211; Taille 80x80cm est en<strong> 100% kapok<\/strong>, le tissu qui l&#8217;entoure est en <strong>100% coton<\/strong>. Le kapok est <strong>imputrescible<\/strong>, tr\u00e8s doux et <strong>hypoallerg\u00e9nique<\/strong>. Attention, le kapok est tr\u00e8s <strong>inflammable<\/strong>.<\/li>\n<\/ul>\n<p>&nbsp;<\/p>\n<p>&nbsp;<\/p>\n","protected":false},"excerpt":{"rendered":"<ul>\n<li>Disponible en 4 tailles \u2013 ici en XL &#8211; 80x80cm<\/li>\n<li>Int\u00e9rieur 100% kapok, Ext\u00e9rieur 100% Coton<\/li>\n<li>Id\u00e9ales pour compl\u00e9ter nos housses brod\u00e9es !<\/li>\n<\/ul>\n","protected":false},"featured_media":1592,"comment_status":"open","ping_status":"closed","template":"","meta":{"ocean_post_layout":"","ocean_both_sidebars_style":"","ocean_both_sidebars_content_width":0,"ocean_both_sidebars_sidebars_width":0,"ocean_sidebar":"0","ocean_second_sidebar":"0","ocean_disable_margins":"enable","ocean_add_body_class":"","ocean_shortcode_before_top_bar":"","ocean_shortcode_after_top_bar":"","ocean_shortcode_before_header":"","ocean_shortcode_after_header":"","ocean_has_shortcode":"","ocean_shortcode_after_title":"","ocean_shortcode_before_footer_widgets":"","ocean_shortcode_after_footer_widgets":"","ocean_shortcode_before_footer_bottom":"","ocean_shortcode_after_footer_bottom":"","ocean_display_top_bar":"default","ocean_display_header":"default","ocean_header_style":"","ocean_center_header_left_menu":"0","ocean_custom_header_template":"0","ocean_custom_logo":0,"ocean_custom_retina_logo":0,"ocean_custom_logo_max_width":0,"ocean_custom_logo_tablet_max_width":0,"ocean_custom_logo_mobile_max_width":0,"ocean_custom_logo_max_height":0,"ocean_custom_logo_tablet_max_height":0,"ocean_custom_logo_mobile_max_height":0,"ocean_header_custom_menu":"0","ocean_menu_typo_font_family":"0","ocean_menu_typo_font_subset":"","ocean_menu_typo_font_size":0,"ocean_menu_typo_font_size_tablet":0,"ocean_menu_typo_font_size_mobile":0,"ocean_menu_typo_font_size_unit":"px","ocean_menu_typo_font_weight":"","ocean_menu_typo_font_weight_tablet":"","ocean_menu_typo_font_weight_mobile":"","ocean_menu_typo_transform":"","ocean_menu_typo_transform_tablet":"","ocean_menu_typo_transform_mobile":"","ocean_menu_typo_line_height":0,"ocean_menu_typo_line_height_tablet":0,"ocean_menu_typo_line_height_mobile":0,"ocean_menu_typo_line_height_unit":"","ocean_menu_typo_spacing":0,"ocean_menu_typo_spacing_tablet":0,"ocean_menu_typo_spacing_mobile":0,"ocean_menu_typo_spacing_unit":"","ocean_menu_link_color":"","ocean_menu_link_color_hover":"","ocean_menu_link_color_active":"","ocean_menu_link_background":"","ocean_menu_link_hover_background":"","ocean_menu_link_active_background":"","ocean_menu_social_links_bg":"","ocean_menu_social_hover_links_bg":"","ocean_menu_social_links_color":"","ocean_menu_social_hover_links_color":"","ocean_disable_title":"default","ocean_disable_heading":"default","ocean_post_title":"","ocean_post_subheading":"","ocean_post_title_style":"","ocean_post_title_background_color":"","ocean_post_title_background":0,"ocean_post_title_bg_image_position":"","ocean_post_title_bg_image_attachment":"","ocean_post_title_bg_image_repeat":"","ocean_post_title_bg_image_size":"","ocean_post_title_height":0,"ocean_post_title_bg_overlay":0.5,"ocean_post_title_bg_overlay_color":"","ocean_disable_breadcrumbs":"default","ocean_breadcrumbs_color":"","ocean_breadcrumbs_separator_color":"","ocean_breadcrumbs_links_color":"","ocean_breadcrumbs_links_hover_color":"","ocean_display_footer_widgets":"default","ocean_display_footer_bottom":"default","ocean_custom_footer_template":"0","omw_enable_modal_window":"enable"},"product_brand":[],"product_cat":[25,66],"product_tag":[55],"class_list":{"0":"post-1284","1":"product","2":"type-product","3":"status-publish","4":"has-post-thumbnail","6":"product_cat-nos-coussins","7":"product_cat-nos-interieurs-de-coussin","8":"product_tag-housse-de-coussin-brodee-80x80cm","9":"product_shipping_class-interieur-xxl","11":"entry","12":"has-media","14":"first","15":"instock","16":"taxable","17":"shipping-taxable","18":"purchasable","19":"product-type-simple","20":"has-product-nav","21":"col","22":"span_1_of_4","23":"owp-content-center","24":"owp-thumbs-layout-horizontal","25":"owp-btn-normal","26":"owp-tabs-layout-horizontal","27":"has-no-thumbnails"},"yoast_head":"<!-- This site is optimized with the Yoast SEO plugin v27.2 - https:\/\/yoast.com\/product\/yoast-seo-wordpress\/ -->\n<title>Int\u00e9rieur de coussin kapok - XL - Taille 80x80cm - Le Manoir D\u00e9coration<\/title>\n<meta name=\"description\" content=\"Retrouvez ici notre Int\u00e9rieur de coussin kapok - XL - Taille 80x80cm . Id\u00e9al avec nos housses de coussin brod\u00e9es. Disponible en 4 tailles.\" \/>\n<meta name=\"robots\" content=\"index, follow, max-snippet:-1, max-image-preview:large, max-video-preview:-1\" \/>\n<link rel=\"canonical\" href=\"https:\/\/lemanoirdeco.com\/index.php\/product\/interieur-de-coussin-kapok-xl-taille-80x80cm\/\" \/>\n<meta property=\"og:locale\" content=\"en_US\" \/>\n<meta property=\"og:type\" content=\"article\" \/>\n<meta property=\"og:title\" content=\"Int\u00e9rieur de coussin kapok - XL - Taille 80x80cm - Le Manoir D\u00e9coration\" \/>\n<meta property=\"og:description\" content=\"Retrouvez ici notre Int\u00e9rieur de coussin kapok - XL - Taille 80x80cm . Id\u00e9al avec nos housses de coussin brod\u00e9es. Disponible en 4 tailles.\" \/>\n<meta property=\"og:url\" content=\"https:\/\/lemanoirdeco.com\/index.php\/product\/interieur-de-coussin-kapok-xl-taille-80x80cm\/\" \/>\n<meta property=\"og:site_name\" content=\"Le Manoir D\u00e9coration\" \/>\n<meta property=\"article:modified_time\" content=\"2024-06-24T13:36:21+00:00\" \/>\n<meta property=\"og:image\" content=\"https:\/\/mlnz6ajpdpgw.i.optimole.com\/cb:nZaz.3ac7\/w:auto\/h:auto\/q:90\/ig:avif\/https:\/\/lemanoirdeco.com\/wp-content\/uploads\/2024\/04\/IMG_9552-scaled.jpeg\" \/>\n\t<meta property=\"og:image:width\" content=\"1920\" \/>\n\t<meta property=\"og:image:height\" content=\"2560\" \/>\n\t<meta property=\"og:image:type\" content=\"image\/jpeg\" \/>\n<meta name=\"twitter:card\" content=\"summary_large_image\" \/>\n<meta name=\"twitter:label1\" content=\"Est. reading time\" \/>\n\t<meta name=\"twitter:data1\" content=\"2 minutes\" \/>\n<script type=\"application\/ld+json\" class=\"yoast-schema-graph\">{\"@context\":\"https:\/\/schema.org\",\"@graph\":[{\"@type\":\"WebPage\",\"@id\":\"https:\/\/lemanoirdeco.com\/index.php\/product\/interieur-de-coussin-kapok-xl-taille-80x80cm\/\",\"url\":\"https:\/\/lemanoirdeco.com\/index.php\/product\/interieur-de-coussin-kapok-xl-taille-80x80cm\/\",\"name\":\"Int\u00e9rieur de coussin kapok - XL - Taille 80x80cm - Le Manoir D\u00e9coration\",\"isPartOf\":{\"@id\":\"https:\/\/lemanoirdeco.com\/#website\"},\"primaryImageOfPage\":{\"@id\":\"https:\/\/lemanoirdeco.com\/index.php\/product\/interieur-de-coussin-kapok-xl-taille-80x80cm\/#primaryimage\"},\"image\":{\"@id\":\"https:\/\/lemanoirdeco.com\/index.php\/product\/interieur-de-coussin-kapok-xl-taille-80x80cm\/#primaryimage\"},\"thumbnailUrl\":\"https:\/\/mlnz6ajpdpgw.i.optimole.com\/cb:nZaz.3ac7\/w:auto\/h:auto\/q:90\/ig:avif\/https:\/\/lemanoirdeco.com\/wp-content\/uploads\/2024\/04\/IMG_9552-scaled.jpeg\",\"datePublished\":\"2024-04-22T09:45:50+00:00\",\"dateModified\":\"2024-06-24T13:36:21+00:00\",\"description\":\"Retrouvez ici notre Int\u00e9rieur de coussin kapok - XL - Taille 80x80cm . Id\u00e9al avec nos housses de coussin brod\u00e9es. Disponible en 4 tailles.\",\"breadcrumb\":{\"@id\":\"https:\/\/lemanoirdeco.com\/index.php\/product\/interieur-de-coussin-kapok-xl-taille-80x80cm\/#breadcrumb\"},\"inLanguage\":\"en-US\",\"potentialAction\":[{\"@type\":\"ReadAction\",\"target\":[\"https:\/\/lemanoirdeco.com\/index.php\/product\/interieur-de-coussin-kapok-xl-taille-80x80cm\/\"]}]},{\"@type\":\"ImageObject\",\"inLanguage\":\"en-US\",\"@id\":\"https:\/\/lemanoirdeco.com\/index.php\/product\/interieur-de-coussin-kapok-xl-taille-80x80cm\/#primaryimage\",\"url\":\"https:\/\/mlnz6ajpdpgw.i.optimole.com\/cb:nZaz.3ac7\/w:auto\/h:auto\/q:90\/ig:avif\/https:\/\/lemanoirdeco.com\/wp-content\/uploads\/2024\/04\/IMG_9552-scaled.jpeg\",\"contentUrl\":\"https:\/\/mlnz6ajpdpgw.i.optimole.com\/cb:nZaz.3ac7\/w:auto\/h:auto\/q:90\/ig:avif\/https:\/\/lemanoirdeco.com\/wp-content\/uploads\/2024\/04\/IMG_9552-scaled.jpeg\",\"width\":1920,\"height\":2560},{\"@type\":\"BreadcrumbList\",\"@id\":\"https:\/\/lemanoirdeco.com\/index.php\/product\/interieur-de-coussin-kapok-xl-taille-80x80cm\/#breadcrumb\",\"itemListElement\":[{\"@type\":\"ListItem\",\"position\":1,\"name\":\"Accueil\",\"item\":\"https:\/\/lemanoirdeco.com\/\"},{\"@type\":\"ListItem\",\"position\":2,\"name\":\"Boutique\",\"item\":\"https:\/\/lemanoirdeco.com\/index.php\/boutique\/\"},{\"@type\":\"ListItem\",\"position\":3,\"name\":\"Int\u00e9rieur de coussin kapok &#8211; XL &#8211; Taille 80x80cm\"}]},{\"@type\":\"WebSite\",\"@id\":\"https:\/\/lemanoirdeco.com\/#website\",\"url\":\"https:\/\/lemanoirdeco.com\/\",\"name\":\"Le Manoir D\u00e9coration\",\"description\":\"Fabrication artisanale fran\u00e7aise d&#039;objets de d\u00e9co \",\"publisher\":{\"@id\":\"https:\/\/lemanoirdeco.com\/#organization\"},\"potentialAction\":[{\"@type\":\"SearchAction\",\"target\":{\"@type\":\"EntryPoint\",\"urlTemplate\":\"https:\/\/lemanoirdeco.com\/?s={search_term_string}\"},\"query-input\":{\"@type\":\"PropertyValueSpecification\",\"valueRequired\":true,\"valueName\":\"search_term_string\"}}],\"inLanguage\":\"en-US\"},{\"@type\":\"Organization\",\"@id\":\"https:\/\/lemanoirdeco.com\/#organization\",\"name\":\"Le Manoir D\u00e9coration\",\"alternateName\":\"Le Manoir D\u00e9co\",\"url\":\"https:\/\/lemanoirdeco.com\/\",\"logo\":{\"@type\":\"ImageObject\",\"inLanguage\":\"en-US\",\"@id\":\"https:\/\/lemanoirdeco.com\/#\/schema\/logo\/image\/\",\"url\":\"https:\/\/mlnz6ajpdpgw.i.optimole.com\/cb:nZaz.3ac7\/w:auto\/h:auto\/q:90\/ig:avif\/https:\/\/lemanoirdeco.com\/wp-content\/uploads\/2023\/10\/cropped-LOGO-LE-MANOIR-HR.png\",\"contentUrl\":\"https:\/\/mlnz6ajpdpgw.i.optimole.com\/cb:nZaz.3ac7\/w:auto\/h:auto\/q:90\/ig:avif\/https:\/\/lemanoirdeco.com\/wp-content\/uploads\/2023\/10\/cropped-LOGO-LE-MANOIR-HR.png\",\"width\":1429,\"height\":869,\"caption\":\"Le Manoir D\u00e9coration\"},\"image\":{\"@id\":\"https:\/\/lemanoirdeco.com\/#\/schema\/logo\/image\/\"},\"sameAs\":[\"https:\/\/www.instagram.com\/lemanoirdeco\/\"]}]}<\/script>\n<!-- \/ Yoast SEO plugin. -->","yoast_head_json":{"title":"Int\u00e9rieur de coussin kapok - XL - Taille 80x80cm - Le Manoir D\u00e9coration","description":"Retrouvez ici notre Int\u00e9rieur de coussin kapok - XL - Taille 80x80cm . Id\u00e9al avec nos housses de coussin brod\u00e9es. Disponible en 4 tailles.","robots":{"index":"index","follow":"follow","max-snippet":"max-snippet:-1","max-image-preview":"max-image-preview:large","max-video-preview":"max-video-preview:-1"},"canonical":"https:\/\/lemanoirdeco.com\/index.php\/product\/interieur-de-coussin-kapok-xl-taille-80x80cm\/","og_locale":"en_US","og_type":"article","og_title":"Int\u00e9rieur de coussin kapok - XL - Taille 80x80cm - Le Manoir D\u00e9coration","og_description":"Retrouvez ici notre Int\u00e9rieur de coussin kapok - XL - Taille 80x80cm . Id\u00e9al avec nos housses de coussin brod\u00e9es. Disponible en 4 tailles.","og_url":"https:\/\/lemanoirdeco.com\/index.php\/product\/interieur-de-coussin-kapok-xl-taille-80x80cm\/","og_site_name":"Le Manoir D\u00e9coration","article_modified_time":"2024-06-24T13:36:21+00:00","og_image":[{"width":1920,"height":2560,"url":"https:\/\/mlnz6ajpdpgw.i.optimole.com\/cb:nZaz.3ac7\/w:auto\/h:auto\/q:90\/ig:avif\/https:\/\/lemanoirdeco.com\/wp-content\/uploads\/2024\/04\/IMG_9552-scaled.jpeg","type":"image\/jpeg"}],"twitter_card":"summary_large_image","twitter_misc":{"Est. reading time":"2 minutes"},"schema":{"@context":"https:\/\/schema.org","@graph":[{"@type":"WebPage","@id":"https:\/\/lemanoirdeco.com\/index.php\/product\/interieur-de-coussin-kapok-xl-taille-80x80cm\/","url":"https:\/\/lemanoirdeco.com\/index.php\/product\/interieur-de-coussin-kapok-xl-taille-80x80cm\/","name":"Int\u00e9rieur de coussin kapok - XL - Taille 80x80cm - Le Manoir D\u00e9coration","isPartOf":{"@id":"https:\/\/lemanoirdeco.com\/#website"},"primaryImageOfPage":{"@id":"https:\/\/lemanoirdeco.com\/index.php\/product\/interieur-de-coussin-kapok-xl-taille-80x80cm\/#primaryimage"},"image":{"@id":"https:\/\/lemanoirdeco.com\/index.php\/product\/interieur-de-coussin-kapok-xl-taille-80x80cm\/#primaryimage"},"thumbnailUrl":"https:\/\/mlnz6ajpdpgw.i.optimole.com\/cb:nZaz.3ac7\/w:auto\/h:auto\/q:90\/ig:avif\/https:\/\/lemanoirdeco.com\/wp-content\/uploads\/2024\/04\/IMG_9552-scaled.jpeg","datePublished":"2024-04-22T09:45:50+00:00","dateModified":"2024-06-24T13:36:21+00:00","description":"Retrouvez ici notre Int\u00e9rieur de coussin kapok - XL - Taille 80x80cm . Id\u00e9al avec nos housses de coussin brod\u00e9es. Disponible en 4 tailles.","breadcrumb":{"@id":"https:\/\/lemanoirdeco.com\/index.php\/product\/interieur-de-coussin-kapok-xl-taille-80x80cm\/#breadcrumb"},"inLanguage":"en-US","potentialAction":[{"@type":"ReadAction","target":["https:\/\/lemanoirdeco.com\/index.php\/product\/interieur-de-coussin-kapok-xl-taille-80x80cm\/"]}]},{"@type":"ImageObject","inLanguage":"en-US","@id":"https:\/\/lemanoirdeco.com\/index.php\/product\/interieur-de-coussin-kapok-xl-taille-80x80cm\/#primaryimage","url":"https:\/\/mlnz6ajpdpgw.i.optimole.com\/cb:nZaz.3ac7\/w:auto\/h:auto\/q:90\/ig:avif\/https:\/\/lemanoirdeco.com\/wp-content\/uploads\/2024\/04\/IMG_9552-scaled.jpeg","contentUrl":"https:\/\/mlnz6ajpdpgw.i.optimole.com\/cb:nZaz.3ac7\/w:auto\/h:auto\/q:90\/ig:avif\/https:\/\/lemanoirdeco.com\/wp-content\/uploads\/2024\/04\/IMG_9552-scaled.jpeg","width":1920,"height":2560},{"@type":"BreadcrumbList","@id":"https:\/\/lemanoirdeco.com\/index.php\/product\/interieur-de-coussin-kapok-xl-taille-80x80cm\/#breadcrumb","itemListElement":[{"@type":"ListItem","position":1,"name":"Accueil","item":"https:\/\/lemanoirdeco.com\/"},{"@type":"ListItem","position":2,"name":"Boutique","item":"https:\/\/lemanoirdeco.com\/index.php\/boutique\/"},{"@type":"ListItem","position":3,"name":"Int\u00e9rieur de coussin kapok &#8211; XL &#8211; Taille 80x80cm"}]},{"@type":"WebSite","@id":"https:\/\/lemanoirdeco.com\/#website","url":"https:\/\/lemanoirdeco.com\/","name":"Le Manoir D\u00e9coration","description":"Fabrication artisanale fran\u00e7aise d&#039;objets de d\u00e9co ","publisher":{"@id":"https:\/\/lemanoirdeco.com\/#organization"},"potentialAction":[{"@type":"SearchAction","target":{"@type":"EntryPoint","urlTemplate":"https:\/\/lemanoirdeco.com\/?s={search_term_string}"},"query-input":{"@type":"PropertyValueSpecification","valueRequired":true,"valueName":"search_term_string"}}],"inLanguage":"en-US"},{"@type":"Organization","@id":"https:\/\/lemanoirdeco.com\/#organization","name":"Le Manoir D\u00e9coration","alternateName":"Le Manoir D\u00e9co","url":"https:\/\/lemanoirdeco.com\/","logo":{"@type":"ImageObject","inLanguage":"en-US","@id":"https:\/\/lemanoirdeco.com\/#\/schema\/logo\/image\/","url":"https:\/\/mlnz6ajpdpgw.i.optimole.com\/cb:nZaz.3ac7\/w:auto\/h:auto\/q:90\/ig:avif\/https:\/\/lemanoirdeco.com\/wp-content\/uploads\/2023\/10\/cropped-LOGO-LE-MANOIR-HR.png","contentUrl":"https:\/\/mlnz6ajpdpgw.i.optimole.com\/cb:nZaz.3ac7\/w:auto\/h:auto\/q:90\/ig:avif\/https:\/\/lemanoirdeco.com\/wp-content\/uploads\/2023\/10\/cropped-LOGO-LE-MANOIR-HR.png","width":1429,"height":869,"caption":"Le Manoir D\u00e9coration"},"image":{"@id":"https:\/\/lemanoirdeco.com\/#\/schema\/logo\/image\/"},"sameAs":["https:\/\/www.instagram.com\/lemanoirdeco\/"]}]}},"_links":{"self":[{"href":"https:\/\/lemanoirdeco.com\/index.php\/wp-json\/wp\/v2\/product\/1284","targetHints":{"allow":["GET"]}}],"collection":[{"href":"https:\/\/lemanoirdeco.com\/index.php\/wp-json\/wp\/v2\/product"}],"about":[{"href":"https:\/\/lemanoirdeco.com\/index.php\/wp-json\/wp\/v2\/types\/product"}],"replies":[{"embeddable":true,"href":"https:\/\/lemanoirdeco.com\/index.php\/wp-json\/wp\/v2\/comments?post=1284"}],"wp:featuredmedia":[{"embeddable":true,"href":"https:\/\/lemanoirdeco.com\/index.php\/wp-json\/wp\/v2\/media\/1592"}],"wp:attachment":[{"href":"https:\/\/lemanoirdeco.com\/index.php\/wp-json\/wp\/v2\/media?parent=1284"}],"wp:term":[{"taxonomy":"product_brand","embeddable":true,"href":"https:\/\/lemanoirdeco.com\/index.php\/wp-json\/wp\/v2\/product_brand?post=1284"},{"taxonomy":"product_cat","embeddable":true,"href":"https:\/\/lemanoirdeco.com\/index.php\/wp-json\/wp\/v2\/product_cat?post=1284"},{"taxonomy":"product_tag","embeddable":true,"href":"https:\/\/lemanoirdeco.com\/index.php\/wp-json\/wp\/v2\/product_tag?post=1284"}],"curies":[{"name":"wp","href":"https:\/\/api.w.org\/{rel}","templated":true}]}}