{"id":1541,"date":"2024-05-22T17:36:03","date_gmt":"2024-05-22T15:36:03","guid":{"rendered":"https:\/\/lemanoirdeco.com\/?post_type=product&#038;p=1541"},"modified":"2024-10-16T17:51:58","modified_gmt":"2024-10-16T15:51:58","slug":"paniere-bernadette","status":"publish","type":"product","link":"https:\/\/lemanoirdeco.com\/index.php\/product\/paniere-bernadette\/","title":{"rendered":"Pani\u00e8re Bernadette"},"content":{"rendered":"<p>Notre pani\u00e8re Bernadette est un incontournable de la maison. Elle peut \u00eatre utilis\u00e9e sur vos tables comme <strong>pani\u00e8re \u00e0 pain<\/strong> ou \u00e0 fruits. Dans votre chambre, elle tiendra <strong>bien rang\u00e9s vos pots<\/strong> et tubes cr\u00e8mes, ou vos affaires de coiffure. Enfin, la pani\u00e8re Bernadette est parfaite comme <strong>cache-pot<\/strong> pour vos plantes d&#8217;int\u00e9rieures ! De quoi les mettre bien en valeur gr\u00e2ce \u00e0 ses jolies couleurs.<\/p>\n<h2 style=\"margin-top: 40px; margin-bottom: 30px;\">\n<h2>Caract\u00e9ristiques de notre pani\u00e8re Bernadette :<\/h2>\n<p>La pani\u00e8re Bernadette, comme tous nos autres produits, est en <strong>Coton et Lin.<\/strong> Sa doublure est en <strong>Lin enduit<\/strong> camel, et est <strong>facilement nettoyable<\/strong> avec une \u00e9ponge humide.<\/p>\n<p>Elle est id\u00e9ale \u00e0<strong> offrir en cadeau<\/strong>, mais \u00e9galement \u00e0 s&#8217;offrir. En effet, elle sera mettre en valeur chaque pi\u00e8ce de la maison. Pour se coordonner, vous retrouverez aussi notre housse de coussin Bernadette, parfait en duo cadeau par exemple !<\/p>\n<p>La pani\u00e8re mesure 15cm de diam\u00e8tre, sur 17cm de hauteur.<\/p>\n<p>Nous fabriquons tous nos jolis produits <strong>artisanalement<\/strong>. Nous\u00a0<b>brodons<\/b>\u00a0tous nos produits\u00a0<b>\u00e0 la main<\/b>, \u00e0 c\u00f4t\u00e9 de Lyon. La fabrication et les mati\u00e8res premi\u00e8res sont <b>100% fran\u00e7aises<\/b>.<\/p>\n<p><strong>Important<\/strong>: nous produisons des petites s\u00e9ries. Si le produit n\u2019est pas en stock, nous avons des d\u00e9lais de fabrication de 3 semaines<\/p>\n<p>Point de vigilance ! La broderie \u00e9tant faite \u00e0 la main, il est donc normal que chaque produit se distingue tr\u00e8s l\u00e9g\u00e8rement. Les couleurs sont bien-s\u00fbr toujours les m\u00eames.<\/p>\n<h2 style=\"margin-top: 40px; margin-bottom: 30px;\">\n<h2>Nos conseils d&#8217;entretien pour vos jolies pani\u00e8res :<\/h2>\n<ul>\n<li aria-level=\"1\">Bien qu\u2019en coton et lin, la pani\u00e8re Bernadette aimera se faire dorloter<b>\u00a0\u00e0 sec au pressing<\/b>\u00a0!<\/li>\n<li aria-level=\"1\">Vous pouvez toutefois la\u00a0<b>laver en machine, programme d\u00e9licat \u00e0 30 degr\u00e9s dans un filet<\/b>, et la faire s\u00e9cher \u00e0 l\u2019air libre. Il est judicieux d\u2019<b>\u00e9viter le passage au s\u00e8che-linge<\/b>\u00a0! La fibre du tissu risquerait de s\u2019ab\u00eemer.<\/li>\n<li>Pour la doublure, vous pouvez l&#8217;essuyer d\u00e9licatement avec\u00a0<strong>une \u00e9ponge humide<\/strong>\u00a0puis la s\u00e9cher avec un torchon sec.<\/li>\n<\/ul>\n<p style=\"margin-top: 30px;\">En commandant une de nos pani\u00e8res, vous faites marcher <b>l\u2019\u00e9conomie locale<\/b>\u00a0et vous aidez \u00e0\u00a0<b>relancer l\u2019artisanat fran\u00e7ais<\/b>, nous vous en remercions !<\/p>\n<p>&nbsp;<\/p>\n","protected":false},"excerpt":{"rendered":"<ul>\n<li>Coton et lin<\/li>\n<li>Doublure en lin enduit, un coup d\u2019\u00e9ponge et c\u2019est propre !<\/li>\n<li>Disponible dans 8 autres coloris, assorties aux housses de coussin<\/li>\n<li>Taille : 15cm de diam\u00e8tre sur 17cm de haut<\/li>\n<li><strong>Important<\/strong>: nous produisons des petites s\u00e9ries. Si le produit n\u2019est pas en stock, nous avons des d\u00e9lais de fabrication de 3 semaines<\/li>\n<\/ul>\n","protected":false},"featured_media":1544,"comment_status":"open","ping_status":"closed","template":"","meta":{"ocean_post_layout":"","ocean_both_sidebars_style":"","ocean_both_sidebars_content_width":0,"ocean_both_sidebars_sidebars_width":0,"ocean_sidebar":"0","ocean_second_sidebar":"0","ocean_disable_margins":"enable","ocean_add_body_class":"","ocean_shortcode_before_top_bar":"","ocean_shortcode_after_top_bar":"","ocean_shortcode_before_header":"","ocean_shortcode_after_header":"","ocean_has_shortcode":"","ocean_shortcode_after_title":"","ocean_shortcode_before_footer_widgets":"","ocean_shortcode_after_footer_widgets":"","ocean_shortcode_before_footer_bottom":"","ocean_shortcode_after_footer_bottom":"","ocean_display_top_bar":"default","ocean_display_header":"default","ocean_header_style":"","ocean_center_header_left_menu":"0","ocean_custom_header_template":"0","ocean_custom_logo":0,"ocean_custom_retina_logo":0,"ocean_custom_logo_max_width":0,"ocean_custom_logo_tablet_max_width":0,"ocean_custom_logo_mobile_max_width":0,"ocean_custom_logo_max_height":0,"ocean_custom_logo_tablet_max_height":0,"ocean_custom_logo_mobile_max_height":0,"ocean_header_custom_menu":"0","ocean_menu_typo_font_family":"0","ocean_menu_typo_font_subset":"","ocean_menu_typo_font_size":0,"ocean_menu_typo_font_size_tablet":0,"ocean_menu_typo_font_size_mobile":0,"ocean_menu_typo_font_size_unit":"px","ocean_menu_typo_font_weight":"","ocean_menu_typo_font_weight_tablet":"","ocean_menu_typo_font_weight_mobile":"","ocean_menu_typo_transform":"","ocean_menu_typo_transform_tablet":"","ocean_menu_typo_transform_mobile":"","ocean_menu_typo_line_height":0,"ocean_menu_typo_line_height_tablet":0,"ocean_menu_typo_line_height_mobile":0,"ocean_menu_typo_line_height_unit":"","ocean_menu_typo_spacing":0,"ocean_menu_typo_spacing_tablet":0,"ocean_menu_typo_spacing_mobile":0,"ocean_menu_typo_spacing_unit":"","ocean_menu_link_color":"","ocean_menu_link_color_hover":"","ocean_menu_link_color_active":"","ocean_menu_link_background":"","ocean_menu_link_hover_background":"","ocean_menu_link_active_background":"","ocean_menu_social_links_bg":"","ocean_menu_social_hover_links_bg":"","ocean_menu_social_links_color":"","ocean_menu_social_hover_links_color":"","ocean_disable_title":"default","ocean_disable_heading":"default","ocean_post_title":"","ocean_post_subheading":"","ocean_post_title_style":"","ocean_post_title_background_color":"","ocean_post_title_background":0,"ocean_post_title_bg_image_position":"","ocean_post_title_bg_image_attachment":"","ocean_post_title_bg_image_repeat":"","ocean_post_title_bg_image_size":"","ocean_post_title_height":0,"ocean_post_title_bg_overlay":0.5,"ocean_post_title_bg_overlay_color":"","ocean_disable_breadcrumbs":"default","ocean_breadcrumbs_color":"","ocean_breadcrumbs_separator_color":"","ocean_breadcrumbs_links_color":"","ocean_breadcrumbs_links_hover_color":"","ocean_display_footer_widgets":"default","ocean_display_footer_bottom":"default","ocean_custom_footer_template":"0","omw_enable_modal_window":"enable"},"product_brand":[],"product_cat":[71],"product_tag":[72],"class_list":{"0":"post-1541","1":"product","2":"type-product","3":"status-publish","4":"has-post-thumbnail","6":"product_cat-nos-panieres","7":"product_tag-panire","9":"entry","10":"has-media","12":"first","13":"instock","14":"featured","15":"taxable","16":"shipping-taxable","17":"purchasable","18":"product-type-simple","19":"has-product-nav","20":"col","21":"span_1_of_4","22":"owp-content-center","23":"owp-thumbs-layout-horizontal","24":"owp-btn-normal","25":"owp-tabs-layout-horizontal"},"yoast_head":"<!-- This site is optimized with the Yoast SEO plugin v27.2 - https:\/\/yoast.com\/product\/yoast-seo-wordpress\/ -->\n<title>Pani\u00e8re Bernadette - Le Manoir D\u00e9coration<\/title>\n<meta name=\"description\" content=\"Retrouvez ici notre Pani\u00e8re Bernadette . Id\u00e9ale comme pani\u00e8re \u00e0 pain, rangement de chambre ou m\u00eame cache-pot de plante d&#039;int\u00e9rieurs !\" \/>\n<meta name=\"robots\" content=\"index, follow, max-snippet:-1, max-image-preview:large, max-video-preview:-1\" \/>\n<link rel=\"canonical\" href=\"https:\/\/lemanoirdeco.com\/index.php\/product\/paniere-bernadette\/\" \/>\n<meta property=\"og:locale\" content=\"en_US\" \/>\n<meta property=\"og:type\" content=\"article\" \/>\n<meta property=\"og:title\" content=\"Pani\u00e8re Bernadette - Le Manoir D\u00e9coration\" \/>\n<meta property=\"og:description\" content=\"Retrouvez ici notre Pani\u00e8re Bernadette . Id\u00e9ale comme pani\u00e8re \u00e0 pain, rangement de chambre ou m\u00eame cache-pot de plante d&#039;int\u00e9rieurs !\" \/>\n<meta property=\"og:url\" content=\"https:\/\/lemanoirdeco.com\/index.php\/product\/paniere-bernadette\/\" \/>\n<meta property=\"og:site_name\" content=\"Le Manoir D\u00e9coration\" \/>\n<meta property=\"article:modified_time\" content=\"2024-10-16T15:51:58+00:00\" \/>\n<meta property=\"og:image\" content=\"https:\/\/mlnz6ajpdpgw.i.optimole.com\/cb:nZaz.3ac7\/w:auto\/h:auto\/q:90\/ig:avif\/https:\/\/lemanoirdeco.com\/wp-content\/uploads\/2024\/05\/IMG_9473-2-scaled.jpeg\" \/>\n\t<meta property=\"og:image:width\" content=\"1920\" \/>\n\t<meta property=\"og:image:height\" content=\"2560\" \/>\n\t<meta property=\"og:image:type\" content=\"image\/jpeg\" \/>\n<meta name=\"twitter:card\" content=\"summary_large_image\" \/>\n<meta name=\"twitter:label1\" content=\"Est. reading time\" \/>\n\t<meta name=\"twitter:data1\" content=\"2 minutes\" \/>\n<script type=\"application\/ld+json\" class=\"yoast-schema-graph\">{\"@context\":\"https:\/\/schema.org\",\"@graph\":[{\"@type\":\"WebPage\",\"@id\":\"https:\/\/lemanoirdeco.com\/index.php\/product\/paniere-bernadette\/\",\"url\":\"https:\/\/lemanoirdeco.com\/index.php\/product\/paniere-bernadette\/\",\"name\":\"Pani\u00e8re Bernadette - Le Manoir D\u00e9coration\",\"isPartOf\":{\"@id\":\"https:\/\/lemanoirdeco.com\/#website\"},\"primaryImageOfPage\":{\"@id\":\"https:\/\/lemanoirdeco.com\/index.php\/product\/paniere-bernadette\/#primaryimage\"},\"image\":{\"@id\":\"https:\/\/lemanoirdeco.com\/index.php\/product\/paniere-bernadette\/#primaryimage\"},\"thumbnailUrl\":\"https:\/\/mlnz6ajpdpgw.i.optimole.com\/cb:nZaz.3ac7\/w:auto\/h:auto\/q:90\/ig:avif\/https:\/\/lemanoirdeco.com\/wp-content\/uploads\/2024\/05\/IMG_9473-2-scaled.jpeg\",\"datePublished\":\"2024-05-22T15:36:03+00:00\",\"dateModified\":\"2024-10-16T15:51:58+00:00\",\"description\":\"Retrouvez ici notre Pani\u00e8re Bernadette . Id\u00e9ale comme pani\u00e8re \u00e0 pain, rangement de chambre ou m\u00eame cache-pot de plante d'int\u00e9rieurs !\",\"breadcrumb\":{\"@id\":\"https:\/\/lemanoirdeco.com\/index.php\/product\/paniere-bernadette\/#breadcrumb\"},\"inLanguage\":\"en-US\",\"potentialAction\":[{\"@type\":\"ReadAction\",\"target\":[\"https:\/\/lemanoirdeco.com\/index.php\/product\/paniere-bernadette\/\"]}]},{\"@type\":\"ImageObject\",\"inLanguage\":\"en-US\",\"@id\":\"https:\/\/lemanoirdeco.com\/index.php\/product\/paniere-bernadette\/#primaryimage\",\"url\":\"https:\/\/mlnz6ajpdpgw.i.optimole.com\/cb:nZaz.3ac7\/w:auto\/h:auto\/q:90\/ig:avif\/https:\/\/lemanoirdeco.com\/wp-content\/uploads\/2024\/05\/IMG_9473-2-scaled.jpeg\",\"contentUrl\":\"https:\/\/mlnz6ajpdpgw.i.optimole.com\/cb:nZaz.3ac7\/w:auto\/h:auto\/q:90\/ig:avif\/https:\/\/lemanoirdeco.com\/wp-content\/uploads\/2024\/05\/IMG_9473-2-scaled.jpeg\",\"width\":1920,\"height\":2560},{\"@type\":\"BreadcrumbList\",\"@id\":\"https:\/\/lemanoirdeco.com\/index.php\/product\/paniere-bernadette\/#breadcrumb\",\"itemListElement\":[{\"@type\":\"ListItem\",\"position\":1,\"name\":\"Accueil\",\"item\":\"https:\/\/lemanoirdeco.com\/\"},{\"@type\":\"ListItem\",\"position\":2,\"name\":\"Boutique\",\"item\":\"https:\/\/lemanoirdeco.com\/index.php\/boutique\/\"},{\"@type\":\"ListItem\",\"position\":3,\"name\":\"Pani\u00e8re Bernadette\"}]},{\"@type\":\"WebSite\",\"@id\":\"https:\/\/lemanoirdeco.com\/#website\",\"url\":\"https:\/\/lemanoirdeco.com\/\",\"name\":\"Le Manoir D\u00e9coration\",\"description\":\"Fabrication artisanale fran\u00e7aise d&#039;objets de d\u00e9co \",\"publisher\":{\"@id\":\"https:\/\/lemanoirdeco.com\/#organization\"},\"potentialAction\":[{\"@type\":\"SearchAction\",\"target\":{\"@type\":\"EntryPoint\",\"urlTemplate\":\"https:\/\/lemanoirdeco.com\/?s={search_term_string}\"},\"query-input\":{\"@type\":\"PropertyValueSpecification\",\"valueRequired\":true,\"valueName\":\"search_term_string\"}}],\"inLanguage\":\"en-US\"},{\"@type\":\"Organization\",\"@id\":\"https:\/\/lemanoirdeco.com\/#organization\",\"name\":\"Le Manoir D\u00e9coration\",\"alternateName\":\"Le Manoir D\u00e9co\",\"url\":\"https:\/\/lemanoirdeco.com\/\",\"logo\":{\"@type\":\"ImageObject\",\"inLanguage\":\"en-US\",\"@id\":\"https:\/\/lemanoirdeco.com\/#\/schema\/logo\/image\/\",\"url\":\"https:\/\/mlnz6ajpdpgw.i.optimole.com\/cb:nZaz.3ac7\/w:auto\/h:auto\/q:90\/ig:avif\/https:\/\/lemanoirdeco.com\/wp-content\/uploads\/2023\/10\/cropped-LOGO-LE-MANOIR-HR.png\",\"contentUrl\":\"https:\/\/mlnz6ajpdpgw.i.optimole.com\/cb:nZaz.3ac7\/w:auto\/h:auto\/q:90\/ig:avif\/https:\/\/lemanoirdeco.com\/wp-content\/uploads\/2023\/10\/cropped-LOGO-LE-MANOIR-HR.png\",\"width\":1429,\"height\":869,\"caption\":\"Le Manoir D\u00e9coration\"},\"image\":{\"@id\":\"https:\/\/lemanoirdeco.com\/#\/schema\/logo\/image\/\"},\"sameAs\":[\"https:\/\/www.instagram.com\/lemanoirdeco\/\"]}]}<\/script>\n<!-- \/ Yoast SEO plugin. -->","yoast_head_json":{"title":"Pani\u00e8re Bernadette - Le Manoir D\u00e9coration","description":"Retrouvez ici notre Pani\u00e8re Bernadette . Id\u00e9ale comme pani\u00e8re \u00e0 pain, rangement de chambre ou m\u00eame cache-pot de plante d'int\u00e9rieurs !","robots":{"index":"index","follow":"follow","max-snippet":"max-snippet:-1","max-image-preview":"max-image-preview:large","max-video-preview":"max-video-preview:-1"},"canonical":"https:\/\/lemanoirdeco.com\/index.php\/product\/paniere-bernadette\/","og_locale":"en_US","og_type":"article","og_title":"Pani\u00e8re Bernadette - Le Manoir D\u00e9coration","og_description":"Retrouvez ici notre Pani\u00e8re Bernadette . Id\u00e9ale comme pani\u00e8re \u00e0 pain, rangement de chambre ou m\u00eame cache-pot de plante d'int\u00e9rieurs !","og_url":"https:\/\/lemanoirdeco.com\/index.php\/product\/paniere-bernadette\/","og_site_name":"Le Manoir D\u00e9coration","article_modified_time":"2024-10-16T15:51:58+00:00","og_image":[{"width":1920,"height":2560,"url":"https:\/\/mlnz6ajpdpgw.i.optimole.com\/cb:nZaz.3ac7\/w:auto\/h:auto\/q:90\/ig:avif\/https:\/\/lemanoirdeco.com\/wp-content\/uploads\/2024\/05\/IMG_9473-2-scaled.jpeg","type":"image\/jpeg"}],"twitter_card":"summary_large_image","twitter_misc":{"Est. reading time":"2 minutes"},"schema":{"@context":"https:\/\/schema.org","@graph":[{"@type":"WebPage","@id":"https:\/\/lemanoirdeco.com\/index.php\/product\/paniere-bernadette\/","url":"https:\/\/lemanoirdeco.com\/index.php\/product\/paniere-bernadette\/","name":"Pani\u00e8re Bernadette - Le Manoir D\u00e9coration","isPartOf":{"@id":"https:\/\/lemanoirdeco.com\/#website"},"primaryImageOfPage":{"@id":"https:\/\/lemanoirdeco.com\/index.php\/product\/paniere-bernadette\/#primaryimage"},"image":{"@id":"https:\/\/lemanoirdeco.com\/index.php\/product\/paniere-bernadette\/#primaryimage"},"thumbnailUrl":"https:\/\/mlnz6ajpdpgw.i.optimole.com\/cb:nZaz.3ac7\/w:auto\/h:auto\/q:90\/ig:avif\/https:\/\/lemanoirdeco.com\/wp-content\/uploads\/2024\/05\/IMG_9473-2-scaled.jpeg","datePublished":"2024-05-22T15:36:03+00:00","dateModified":"2024-10-16T15:51:58+00:00","description":"Retrouvez ici notre Pani\u00e8re Bernadette . Id\u00e9ale comme pani\u00e8re \u00e0 pain, rangement de chambre ou m\u00eame cache-pot de plante d'int\u00e9rieurs !","breadcrumb":{"@id":"https:\/\/lemanoirdeco.com\/index.php\/product\/paniere-bernadette\/#breadcrumb"},"inLanguage":"en-US","potentialAction":[{"@type":"ReadAction","target":["https:\/\/lemanoirdeco.com\/index.php\/product\/paniere-bernadette\/"]}]},{"@type":"ImageObject","inLanguage":"en-US","@id":"https:\/\/lemanoirdeco.com\/index.php\/product\/paniere-bernadette\/#primaryimage","url":"https:\/\/mlnz6ajpdpgw.i.optimole.com\/cb:nZaz.3ac7\/w:auto\/h:auto\/q:90\/ig:avif\/https:\/\/lemanoirdeco.com\/wp-content\/uploads\/2024\/05\/IMG_9473-2-scaled.jpeg","contentUrl":"https:\/\/mlnz6ajpdpgw.i.optimole.com\/cb:nZaz.3ac7\/w:auto\/h:auto\/q:90\/ig:avif\/https:\/\/lemanoirdeco.com\/wp-content\/uploads\/2024\/05\/IMG_9473-2-scaled.jpeg","width":1920,"height":2560},{"@type":"BreadcrumbList","@id":"https:\/\/lemanoirdeco.com\/index.php\/product\/paniere-bernadette\/#breadcrumb","itemListElement":[{"@type":"ListItem","position":1,"name":"Accueil","item":"https:\/\/lemanoirdeco.com\/"},{"@type":"ListItem","position":2,"name":"Boutique","item":"https:\/\/lemanoirdeco.com\/index.php\/boutique\/"},{"@type":"ListItem","position":3,"name":"Pani\u00e8re Bernadette"}]},{"@type":"WebSite","@id":"https:\/\/lemanoirdeco.com\/#website","url":"https:\/\/lemanoirdeco.com\/","name":"Le Manoir D\u00e9coration","description":"Fabrication artisanale fran\u00e7aise d&#039;objets de d\u00e9co ","publisher":{"@id":"https:\/\/lemanoirdeco.com\/#organization"},"potentialAction":[{"@type":"SearchAction","target":{"@type":"EntryPoint","urlTemplate":"https:\/\/lemanoirdeco.com\/?s={search_term_string}"},"query-input":{"@type":"PropertyValueSpecification","valueRequired":true,"valueName":"search_term_string"}}],"inLanguage":"en-US"},{"@type":"Organization","@id":"https:\/\/lemanoirdeco.com\/#organization","name":"Le Manoir D\u00e9coration","alternateName":"Le Manoir D\u00e9co","url":"https:\/\/lemanoirdeco.com\/","logo":{"@type":"ImageObject","inLanguage":"en-US","@id":"https:\/\/lemanoirdeco.com\/#\/schema\/logo\/image\/","url":"https:\/\/mlnz6ajpdpgw.i.optimole.com\/cb:nZaz.3ac7\/w:auto\/h:auto\/q:90\/ig:avif\/https:\/\/lemanoirdeco.com\/wp-content\/uploads\/2023\/10\/cropped-LOGO-LE-MANOIR-HR.png","contentUrl":"https:\/\/mlnz6ajpdpgw.i.optimole.com\/cb:nZaz.3ac7\/w:auto\/h:auto\/q:90\/ig:avif\/https:\/\/lemanoirdeco.com\/wp-content\/uploads\/2023\/10\/cropped-LOGO-LE-MANOIR-HR.png","width":1429,"height":869,"caption":"Le Manoir D\u00e9coration"},"image":{"@id":"https:\/\/lemanoirdeco.com\/#\/schema\/logo\/image\/"},"sameAs":["https:\/\/www.instagram.com\/lemanoirdeco\/"]}]}},"_links":{"self":[{"href":"https:\/\/lemanoirdeco.com\/index.php\/wp-json\/wp\/v2\/product\/1541","targetHints":{"allow":["GET"]}}],"collection":[{"href":"https:\/\/lemanoirdeco.com\/index.php\/wp-json\/wp\/v2\/product"}],"about":[{"href":"https:\/\/lemanoirdeco.com\/index.php\/wp-json\/wp\/v2\/types\/product"}],"replies":[{"embeddable":true,"href":"https:\/\/lemanoirdeco.com\/index.php\/wp-json\/wp\/v2\/comments?post=1541"}],"wp:featuredmedia":[{"embeddable":true,"href":"https:\/\/lemanoirdeco.com\/index.php\/wp-json\/wp\/v2\/media\/1544"}],"wp:attachment":[{"href":"https:\/\/lemanoirdeco.com\/index.php\/wp-json\/wp\/v2\/media?parent=1541"}],"wp:term":[{"taxonomy":"product_brand","embeddable":true,"href":"https:\/\/lemanoirdeco.com\/index.php\/wp-json\/wp\/v2\/product_brand?post=1541"},{"taxonomy":"product_cat","embeddable":true,"href":"https:\/\/lemanoirdeco.com\/index.php\/wp-json\/wp\/v2\/product_cat?post=1541"},{"taxonomy":"product_tag","embeddable":true,"href":"https:\/\/lemanoirdeco.com\/index.php\/wp-json\/wp\/v2\/product_tag?post=1541"}],"curies":[{"name":"wp","href":"https:\/\/api.w.org\/{rel}","templated":true}]}}